{"id":2707,"date":"2024-04-26T08:14:56","date_gmt":"2024-04-26T15:14:56","guid":{"rendered":"https:\/\/pocencoffee.com\/?post_type=product&#038;p=2707"},"modified":"2024-04-26T08:14:56","modified_gmt":"2024-04-26T15:14:56","slug":"%d9%85%d9%86%d8%b8%d9%85-%d8%a3%d9%83%d9%88%d8%a7%d8%a8-%d9%88%d8%a3%d8%ba%d8%b7%d9%8a%d8%a9-%d9%85%d8%a7%d8%a6%d9%84-%d9%85%d9%83%d9%88%d9%86-%d9%85%d9%86-4-%d8%a3%d9%82%d8%b3%d8%a7%d9%85","status":"publish","type":"product","link":"https:\/\/pocencoffee.com\/ar\/product\/%d9%85%d9%86%d8%b8%d9%85-%d8%a3%d9%83%d9%88%d8%a7%d8%a8-%d9%88%d8%a3%d8%ba%d8%b7%d9%8a%d8%a9-%d9%85%d8%a7%d8%a6%d9%84-%d9%85%d9%83%d9%88%d9%86-%d9%85%d9%86-4-%d8%a3%d9%82%d8%b3%d8%a7%d9%85\/","title":{"rendered":"\u0645\u0646\u0638\u0645 \u0623\u0643\u0648\u0627\u0628 \u0648\u0623\u063a\u0637\u064a\u0629 \u0645\u0627\u0626\u0644 \u0645\u0643\u0648\u0646 \u0645\u0646 4 \u0623\u0642\u0633\u0627\u0645"},"content":{"rendered":"<p><strong>4 \u0623\u0642\u0633\u0627\u0645 \u0645\u0646 \u0645\u0646\u0638\u0645\u064a \u0627\u0644\u0623\u0643\u0648\u0627\u0628 \u0648\u0627\u0644\u063a\u0637\u0627\u0621 \u0627\u0644\u0645\u0627\u0626\u0644\u064a\u0646<\/strong><\/p>\n<p>\u0645\u0646\u0638\u0645 \u0627\u0644\u0637\u0627\u0648\u0644\u0627\u062a \u0647\u0630\u0627 \u0645\u0635\u0645\u0645 \u0645\u0639 4 \u0623\u0645\u0627\u0643\u0646 \u0644\u062d\u0645\u0644 \u0627\u0644\u0623\u0643\u0648\u0627\u0628 \u0648\u0627\u0644\u063a\u0637\u0627\u0621. \u064a\u0633\u0627\u0639\u062f \u0627\u0644\u0645\u0642\u0627\u0647\u064a \u0648\u0627\u0644\u0645\u062a\u0627\u062c\u0631 \u0648\u0627\u0644\u0645\u0637\u0627\u0639\u0645 \u0648\u063a\u0631\u0641 \u0627\u0633\u062a\u0631\u0627\u062d\u0629 \u0627\u0644\u0634\u0631\u0643\u0627\u062a \u0648\u0645\u062d\u0644\u0627\u062a \u0634\u0631\u0628 \u0627\u0644\u0645\u0634\u0631\u0648\u0628\u0627\u062a \u0641\u064a \u0627\u0644\u062d\u0641\u0627\u0638 \u0639\u0644\u0649 \u0623\u0633\u0637\u062d \u0627\u0644\u0639\u0645\u0644 \u0645\u0631\u062a\u0628\u0629 \u0648\u0645\u0631\u062a\u0628\u0629.<\/p>\n<p>\u062d\u062c\u0645 \u062d\u0627\u0645\u0644 \u0627\u0644\u0623\u0643\u0648\u0627\u0628 \u0647\u0630\u0627 \u0645\u0646\u0627\u0633\u0628 \u0644\u0645\u0639\u0638\u0645 \u0627\u0644\u0637\u0627\u0648\u0644\u0627\u062a.  \u0644\u0630\u0627\u060c \u0641\u0647\u0648 \u0627\u0644\u0623\u0643\u062b\u0631 \u0645\u0628\u064a\u0639\u0627\u064b \u0641\u064a \u0641\u0626\u0629 \u0627\u0644\u0645\u0646\u0638\u0645.<\/p>\n<p><img fetchpriority=\"high\" decoding=\"async\" class=\"alignnone size-medium wp-image-2708\" src=\"https:\/\/pocencoffee.com\/wp-content\/uploads\/2024\/04\/CSA04-SIZE-300x300.jpg\" alt=\"\" width=\"300\" height=\"300\" title=\"\" srcset=\"https:\/\/pocencoffee.com\/wp-content\/uploads\/2024\/04\/CSA04-SIZE-300x300.jpg 300w, https:\/\/pocencoffee.com\/wp-content\/uploads\/2024\/04\/CSA04-SIZE-150x150.jpg 150w, https:\/\/pocencoffee.com\/wp-content\/uploads\/2024\/04\/CSA04-SIZE-100x100.jpg 100w, https:\/\/pocencoffee.com\/wp-content\/uploads\/2024\/04\/CSA04-SIZE.jpg 600w\" sizes=\"(max-width: 300px) 100vw, 300px\" \/><\/p>","protected":false},"excerpt":{"rendered":"<p>\u062d\u0627\u0645\u0644\u0627\u062a \u0623\u0643\u0648\u0627\u0628 \u0644\u0633\u0637\u062d \u0627\u0644\u0643\u0648\u0628 \u0648\u0645\u0646\u0638\u0645\u064a \u0627\u0644\u0623\u0643\u0648\u0627\u0628 \u0648\u0627\u0644\u0623\u063a\u0637\u064a\u0629<\/p>\n<p>\u0627\u0644\u0645\u0627\u062f\u0629: \u0628\u0644\u0627\u0633\u062a\u064a\u0643 ABS.<\/p>\n<p>\u0627\u0644\u062d\u062c\u0645 : 38.6 \u00d7 29.5 \u00d7 38.6 \u00d7 29.5 \u00d7 20 \u00d7 45 \u0633\u0645<\/p>\n<p>\u0627\u0644\u0634\u0639\u0627\u0631:  \u0628\u0627\u0633\u062a\u062e\u062f\u0627\u0645 \u0627\u0644\u0637\u0628\u0627\u0639\u0629 \u0628\u0627\u0644\u0634\u0627\u0634\u0629 \u0627\u0644\u062d\u0631\u064a\u0631\u064a\u0629.<\/p>\n<p>\u0627\u0644\u0644\u0648\u0646: \u0623\u0633\u0648\u062f\u060c \u0623\u062d\u0645\u0631\u060c \u0628\u0646\u064a\u060c \u0623\u0648 \u062d\u0633\u0628 \u0627\u0644\u0637\u0644\u0628.<\/p>","protected":false},"featured_media":2709,"template":"","meta":[],"product_brand":[],"product_cat":[28],"product_tag":[],"class_list":{"0":"post-2707","1":"product","2":"type-product","3":"status-publish","4":"has-post-thumbnail","6":"product_cat-more-tools","8":"first","9":"instock","10":"shipping-taxable","11":"product-type-simple"},"_links":{"self":[{"href":"https:\/\/pocencoffee.com\/ar\/wp-json\/wp\/v2\/product\/2707","targetHints":{"allow":["GET"]}}],"collection":[{"href":"https:\/\/pocencoffee.com\/ar\/wp-json\/wp\/v2\/product"}],"about":[{"href":"https:\/\/pocencoffee.com\/ar\/wp-json\/wp\/v2\/types\/product"}],"version-history":[{"count":1,"href":"https:\/\/pocencoffee.com\/ar\/wp-json\/wp\/v2\/product\/2707\/revisions"}],"predecessor-version":[{"id":2714,"href":"https:\/\/pocencoffee.com\/ar\/wp-json\/wp\/v2\/product\/2707\/revisions\/2714"}],"wp:featuredmedia":[{"embeddable":true,"href":"https:\/\/pocencoffee.com\/ar\/wp-json\/wp\/v2\/media\/2709"}],"wp:attachment":[{"href":"https:\/\/pocencoffee.com\/ar\/wp-json\/wp\/v2\/media?parent=2707"}],"wp:term":[{"taxonomy":"product_brand","embeddable":true,"href":"https:\/\/pocencoffee.com\/ar\/wp-json\/wp\/v2\/product_brand?post=2707"},{"taxonomy":"product_cat","embeddable":true,"href":"https:\/\/pocencoffee.com\/ar\/wp-json\/wp\/v2\/product_cat?post=2707"},{"taxonomy":"product_tag","embeddable":true,"href":"https:\/\/pocencoffee.com\/ar\/wp-json\/wp\/v2\/product_tag?post=2707"}],"curies":[{"name":"\u062f\u0628\u0644\u064a\u0648 \u0628\u064a","href":"https:\/\/api.w.org\/{rel}","templated":true}]}}