{"id":1995,"date":"2024-03-27T01:26:28","date_gmt":"2024-03-27T08:26:28","guid":{"rendered":"https:\/\/pocencoffee.com\/?post_type=product&#038;p=1995"},"modified":"2024-03-28T07:55:36","modified_gmt":"2024-03-28T14:55:36","slug":"verschiedene-designs-barista-latte-art-edelstahl-milchaufschaumer-krug","status":"publish","type":"product","link":"https:\/\/pocencoffee.com\/de\/product\/verschiedene-designs-barista-latte-art-edelstahl-milchaufschaumer-krug\/","title":{"rendered":"Verschiedene Designs Barista Latte Art Edelstahl-Milchaufsch\u00e4umk\u00e4nnchen"},"content":{"rendered":"<p>Material : 304 Edelstahl ;<\/p>\n<p>Dicke : 0.7mm<\/p>\n<p>Verf\u00fcgbare Optionen f\u00fcr das Fassungsverm\u00f6gen: 100ml , 150ml , 250ml , 300ml , 350ml , 600ml , 900ml , 1500ml , 2000ml.<\/p>\n<p>Anpassung: Sie k\u00f6nnen das Logo, die Farbe, die Verpackung anpassen oder ein neues Produkt nach Ihrer Zeichnung entwickeln.<\/p>","protected":false},"excerpt":{"rendered":"<p>LFGB-Bericht, FDA-Bericht, 304S\/S-Materialbericht.<\/p>\n<p>OEM &amp; ODM.<\/p>","protected":false},"featured_media":1996,"template":"","meta":[],"product_brand":[],"product_cat":[22],"product_tag":[],"class_list":{"0":"post-1995","1":"product","2":"type-product","3":"status-publish","4":"has-post-thumbnail","6":"product_cat-milk-steaming-pitcher","8":"first","9":"instock","10":"shipping-taxable","11":"product-type-simple"},"_links":{"self":[{"href":"https:\/\/pocencoffee.com\/de\/wp-json\/wp\/v2\/product\/1995","targetHints":{"allow":["GET"]}}],"collection":[{"href":"https:\/\/pocencoffee.com\/de\/wp-json\/wp\/v2\/product"}],"about":[{"href":"https:\/\/pocencoffee.com\/de\/wp-json\/wp\/v2\/types\/product"}],"version-history":[{"count":2,"href":"https:\/\/pocencoffee.com\/de\/wp-json\/wp\/v2\/product\/1995\/revisions"}],"predecessor-version":[{"id":2119,"href":"https:\/\/pocencoffee.com\/de\/wp-json\/wp\/v2\/product\/1995\/revisions\/2119"}],"wp:featuredmedia":[{"embeddable":true,"href":"https:\/\/pocencoffee.com\/de\/wp-json\/wp\/v2\/media\/1996"}],"wp:attachment":[{"href":"https:\/\/pocencoffee.com\/de\/wp-json\/wp\/v2\/media?parent=1995"}],"wp:term":[{"taxonomy":"product_brand","embeddable":true,"href":"https:\/\/pocencoffee.com\/de\/wp-json\/wp\/v2\/product_brand?post=1995"},{"taxonomy":"product_cat","embeddable":true,"href":"https:\/\/pocencoffee.com\/de\/wp-json\/wp\/v2\/product_cat?post=1995"},{"taxonomy":"product_tag","embeddable":true,"href":"https:\/\/pocencoffee.com\/de\/wp-json\/wp\/v2\/product_tag?post=1995"}],"curies":[{"name":"wp","href":"https:\/\/api.w.org\/{rel}","templated":true}]}}