{"id":2121,"date":"2024-03-28T08:04:01","date_gmt":"2024-03-28T15:04:01","guid":{"rendered":"https:\/\/pocencoffee.com\/?post_type=product&#038;p=2121"},"modified":"2024-04-02T06:52:05","modified_gmt":"2024-04-02T13:52:05","slug":"beste-qualitat-silikonhulse-griffloser-milchaufschaumer","status":"publish","type":"product","link":"https:\/\/pocencoffee.com\/de\/product\/beste-qualitat-silikonhulse-griffloser-milchaufschaumer\/","title":{"rendered":"Hochwertiger Milchaufsch\u00e4umbeh\u00e4lter mit Silikonh\u00fclle und ohne Griff"},"content":{"rendered":"<p>Material : 304S\/S; Gummi-Silikon-Hitzeschutzh\u00fclle.<\/p>\n<p>Gr\u00f6\u00dfe : 350ml \/ 600ml<\/p>\n<p>Anpassungsm\u00f6glichkeit: Logo, Ma\u00dfe, Farbe und Verpackung anpassen. .<\/p>\n<p>Merkmale: LFGB-Zertifikat; professionelle Ausguss\u00f6ffnung<\/p>","protected":false},"excerpt":{"rendered":"<p>Griffloser Krug zum Aufsch\u00e4umen von Milch;<\/p>","protected":false},"featured_media":2123,"template":"","meta":[],"product_brand":[],"product_cat":[22],"product_tag":[],"class_list":{"0":"post-2121","1":"product","2":"type-product","3":"status-publish","4":"has-post-thumbnail","6":"product_cat-milk-steaming-pitcher","8":"first","9":"instock","10":"shipping-taxable","11":"product-type-simple"},"_links":{"self":[{"href":"https:\/\/pocencoffee.com\/de\/wp-json\/wp\/v2\/product\/2121","targetHints":{"allow":["GET"]}}],"collection":[{"href":"https:\/\/pocencoffee.com\/de\/wp-json\/wp\/v2\/product"}],"about":[{"href":"https:\/\/pocencoffee.com\/de\/wp-json\/wp\/v2\/types\/product"}],"version-history":[{"count":2,"href":"https:\/\/pocencoffee.com\/de\/wp-json\/wp\/v2\/product\/2121\/revisions"}],"predecessor-version":[{"id":2437,"href":"https:\/\/pocencoffee.com\/de\/wp-json\/wp\/v2\/product\/2121\/revisions\/2437"}],"wp:featuredmedia":[{"embeddable":true,"href":"https:\/\/pocencoffee.com\/de\/wp-json\/wp\/v2\/media\/2123"}],"wp:attachment":[{"href":"https:\/\/pocencoffee.com\/de\/wp-json\/wp\/v2\/media?parent=2121"}],"wp:term":[{"taxonomy":"product_brand","embeddable":true,"href":"https:\/\/pocencoffee.com\/de\/wp-json\/wp\/v2\/product_brand?post=2121"},{"taxonomy":"product_cat","embeddable":true,"href":"https:\/\/pocencoffee.com\/de\/wp-json\/wp\/v2\/product_cat?post=2121"},{"taxonomy":"product_tag","embeddable":true,"href":"https:\/\/pocencoffee.com\/de\/wp-json\/wp\/v2\/product_tag?post=2121"}],"curies":[{"name":"wp","href":"https:\/\/api.w.org\/{rel}","templated":true}]}}