{"id":2258,"date":"2024-03-29T09:06:36","date_gmt":"2024-03-29T16:06:36","guid":{"rendered":"https:\/\/pocencoffee.com\/?post_type=product&#038;p=2258"},"modified":"2024-03-29T09:06:36","modified_gmt":"2024-03-29T16:06:36","slug":"milchschaumkannchen-in-premiumqualitat","status":"publish","type":"product","link":"https:\/\/pocencoffee.com\/de\/product\/milchschaumkannchen-in-premiumqualitat\/","title":{"rendered":"Hochwertiger Milchaufsch\u00e4umbeh\u00e4lter"},"content":{"rendered":"<p>Material : 304S\/S;<\/p>\n<p>Verf\u00fcgbare Optionen f\u00fcr das Fassungsverm\u00f6gen: 90ml, 150ml.<\/p>\n<p>Anpassungsm\u00f6glichkeit: Logo, Ma\u00dfe, Farbe und Verpackung anpassen. .<\/p>\n<p>Merkmale: LFGB, FDA, und Materialpr\u00fcfungszertifikate; ;<\/p>","protected":false},"excerpt":{"rendered":"<p>Milchschaumk\u00e4nnchen mit professionellem Griff<\/p>","protected":false},"featured_media":2259,"template":"","meta":[],"product_brand":[],"product_cat":[22],"product_tag":[],"class_list":{"0":"post-2258","1":"product","2":"type-product","3":"status-publish","4":"has-post-thumbnail","6":"product_cat-milk-steaming-pitcher","8":"first","9":"instock","10":"shipping-taxable","11":"product-type-simple"},"_links":{"self":[{"href":"https:\/\/pocencoffee.com\/de\/wp-json\/wp\/v2\/product\/2258","targetHints":{"allow":["GET"]}}],"collection":[{"href":"https:\/\/pocencoffee.com\/de\/wp-json\/wp\/v2\/product"}],"about":[{"href":"https:\/\/pocencoffee.com\/de\/wp-json\/wp\/v2\/types\/product"}],"version-history":[{"count":1,"href":"https:\/\/pocencoffee.com\/de\/wp-json\/wp\/v2\/product\/2258\/revisions"}],"predecessor-version":[{"id":2262,"href":"https:\/\/pocencoffee.com\/de\/wp-json\/wp\/v2\/product\/2258\/revisions\/2262"}],"wp:featuredmedia":[{"embeddable":true,"href":"https:\/\/pocencoffee.com\/de\/wp-json\/wp\/v2\/media\/2259"}],"wp:attachment":[{"href":"https:\/\/pocencoffee.com\/de\/wp-json\/wp\/v2\/media?parent=2258"}],"wp:term":[{"taxonomy":"product_brand","embeddable":true,"href":"https:\/\/pocencoffee.com\/de\/wp-json\/wp\/v2\/product_brand?post=2258"},{"taxonomy":"product_cat","embeddable":true,"href":"https:\/\/pocencoffee.com\/de\/wp-json\/wp\/v2\/product_cat?post=2258"},{"taxonomy":"product_tag","embeddable":true,"href":"https:\/\/pocencoffee.com\/de\/wp-json\/wp\/v2\/product_tag?post=2258"}],"curies":[{"name":"wp","href":"https:\/\/api.w.org\/{rel}","templated":true}]}}