{"id":2291,"date":"2024-03-30T07:41:31","date_gmt":"2024-03-30T14:41:31","guid":{"rendered":"https:\/\/pocencoffee.com\/?post_type=product&#038;p=2291"},"modified":"2024-03-30T07:41:32","modified_gmt":"2024-03-30T14:41:32","slug":"beste-fabrik-barista-kaffeedampfer","status":"publish","type":"product","link":"https:\/\/pocencoffee.com\/de\/product\/beste-fabrik-barista-kaffeedampfer\/","title":{"rendered":"Die besten Kaffeetampers f\u00fcr Baristas in der Fabrik"},"content":{"rendered":"<p><strong>Die besten Kaffeetampers f\u00fcr Baristas in der Fabrik<\/strong><\/p>\n<p>Material: Kaffeehalterung aus massivem Edelstahl, Griff aus Aluminium.<\/p>\n<p>Gr\u00f6\u00dfe: 51 mm, 53 mm, 58 mm<\/p>\n<p>Anpassungsm\u00f6glichkeiten: Farbe, LOGO, Verpackung<\/p>\n<p>Basis: flach, Gewinde und Anpassung<\/p>","protected":false},"excerpt":{"rendered":"<p>Die Fabrik f\u00fcr Kaffeewerkzeuge und Barista-Werkzeuge bietet ma\u00dfgeschneiderte Dienstleistungen f\u00fcr Barista-Kaffeestampfer.<\/p>","protected":false},"featured_media":2293,"template":"","meta":[],"product_brand":[],"product_cat":[23],"product_tag":[],"class_list":{"0":"post-2291","1":"product","2":"type-product","3":"status-publish","4":"has-post-thumbnail","6":"product_cat-coffee-tamperscoffee-coffee-leveler","8":"first","9":"instock","10":"shipping-taxable","11":"product-type-simple"},"_links":{"self":[{"href":"https:\/\/pocencoffee.com\/de\/wp-json\/wp\/v2\/product\/2291","targetHints":{"allow":["GET"]}}],"collection":[{"href":"https:\/\/pocencoffee.com\/de\/wp-json\/wp\/v2\/product"}],"about":[{"href":"https:\/\/pocencoffee.com\/de\/wp-json\/wp\/v2\/types\/product"}],"version-history":[{"count":1,"href":"https:\/\/pocencoffee.com\/de\/wp-json\/wp\/v2\/product\/2291\/revisions"}],"predecessor-version":[{"id":2294,"href":"https:\/\/pocencoffee.com\/de\/wp-json\/wp\/v2\/product\/2291\/revisions\/2294"}],"wp:featuredmedia":[{"embeddable":true,"href":"https:\/\/pocencoffee.com\/de\/wp-json\/wp\/v2\/media\/2293"}],"wp:attachment":[{"href":"https:\/\/pocencoffee.com\/de\/wp-json\/wp\/v2\/media?parent=2291"}],"wp:term":[{"taxonomy":"product_brand","embeddable":true,"href":"https:\/\/pocencoffee.com\/de\/wp-json\/wp\/v2\/product_brand?post=2291"},{"taxonomy":"product_cat","embeddable":true,"href":"https:\/\/pocencoffee.com\/de\/wp-json\/wp\/v2\/product_cat?post=2291"},{"taxonomy":"product_tag","embeddable":true,"href":"https:\/\/pocencoffee.com\/de\/wp-json\/wp\/v2\/product_tag?post=2291"}],"curies":[{"name":"wp","href":"https:\/\/api.w.org\/{rel}","templated":true}]}}