{"id":2323,"date":"2024-03-30T09:01:40","date_gmt":"2024-03-30T16:01:40","guid":{"rendered":"https:\/\/pocencoffee.com\/?post_type=product&#038;p=2323"},"modified":"2024-03-30T09:01:40","modified_gmt":"2024-03-30T16:01:40","slug":"espressoportafilter","status":"publish","type":"product","link":"https:\/\/pocencoffee.com\/de\/product\/espressoportafilter\/","title":{"rendered":"Portafilter-Kaffeeverteiler"},"content":{"rendered":"<p><strong>Kaffeekompresse f\u00fcr den Kaffeeverteiler des Siebtr\u00e4gers<\/strong><\/p>\n<p>Material: Kaffeehalterung aus massivem Edelstahl, Griff aus Aluminium.<\/p>\n<p>Gr\u00f6\u00dfe: 51 mm, 53 mm, 58 mm<\/p>\n<p>Anpassungsm\u00f6glichkeiten: Farbe, LOGO, Verpackung<\/p>\n<p>Basis: flach, Gewinde und Anpassung<\/p>","protected":false},"excerpt":{"rendered":"<p>Das vierbl\u00e4ttrige Design dieses Kaffeeverteilers ist ideal f\u00fcr die gleichm\u00e4\u00dfige Verteilung des Kaffeepulvers.<\/p>","protected":false},"featured_media":2324,"template":"","meta":[],"product_brand":[],"product_cat":[23],"product_tag":[],"class_list":{"0":"post-2323","1":"product","2":"type-product","3":"status-publish","4":"has-post-thumbnail","6":"product_cat-coffee-tamperscoffee-coffee-leveler","8":"first","9":"instock","10":"shipping-taxable","11":"product-type-simple"},"_links":{"self":[{"href":"https:\/\/pocencoffee.com\/de\/wp-json\/wp\/v2\/product\/2323","targetHints":{"allow":["GET"]}}],"collection":[{"href":"https:\/\/pocencoffee.com\/de\/wp-json\/wp\/v2\/product"}],"about":[{"href":"https:\/\/pocencoffee.com\/de\/wp-json\/wp\/v2\/types\/product"}],"version-history":[{"count":1,"href":"https:\/\/pocencoffee.com\/de\/wp-json\/wp\/v2\/product\/2323\/revisions"}],"predecessor-version":[{"id":2326,"href":"https:\/\/pocencoffee.com\/de\/wp-json\/wp\/v2\/product\/2323\/revisions\/2326"}],"wp:featuredmedia":[{"embeddable":true,"href":"https:\/\/pocencoffee.com\/de\/wp-json\/wp\/v2\/media\/2324"}],"wp:attachment":[{"href":"https:\/\/pocencoffee.com\/de\/wp-json\/wp\/v2\/media?parent=2323"}],"wp:term":[{"taxonomy":"product_brand","embeddable":true,"href":"https:\/\/pocencoffee.com\/de\/wp-json\/wp\/v2\/product_brand?post=2323"},{"taxonomy":"product_cat","embeddable":true,"href":"https:\/\/pocencoffee.com\/de\/wp-json\/wp\/v2\/product_cat?post=2323"},{"taxonomy":"product_tag","embeddable":true,"href":"https:\/\/pocencoffee.com\/de\/wp-json\/wp\/v2\/product_tag?post=2323"}],"curies":[{"name":"wp","href":"https:\/\/api.w.org\/{rel}","templated":true}]}}