{"id":2355,"date":"2024-03-31T01:01:36","date_gmt":"2024-03-31T08:01:36","guid":{"rendered":"https:\/\/pocencoffee.com\/?post_type=product&#038;p=2355"},"modified":"2024-03-31T01:01:36","modified_gmt":"2024-03-31T08:01:36","slug":"kaffee-verteilernadel","status":"publish","type":"product","link":"https:\/\/pocencoffee.com\/de\/product\/kaffee-verteilernadel\/","title":{"rendered":"Kaffeeausgabennadel"},"content":{"rendered":"<p><strong>Kaffeeausgabennadel<\/strong><\/p>\n<p>Material: Nadel aus rostfreiem Stahl, Griff aus Aluminium und Halter.<\/p>\n<p>Gr\u00f6\u00dfe: 6 Nadeln, oder 8 Nadeln.<\/p>\n<p>Anpassungsm\u00f6glichkeiten: Farbe, LOGO, Verpackung<\/p>","protected":false},"excerpt":{"rendered":"<p>Es handelt sich um einen d\u00fcnnen Nadeltyp, der wahlweise mit 6 oder 8 Nadeln best\u00fcckt werden kann, wobei Sie auch die Anzahl der Nadeln selbst bestimmen k\u00f6nnen.<\/p>","protected":false},"featured_media":2356,"template":"","meta":[],"product_brand":[],"product_cat":[23],"product_tag":[],"class_list":{"0":"post-2355","1":"product","2":"type-product","3":"status-publish","4":"has-post-thumbnail","6":"product_cat-coffee-tamperscoffee-coffee-leveler","8":"first","9":"instock","10":"shipping-taxable","11":"product-type-simple"},"_links":{"self":[{"href":"https:\/\/pocencoffee.com\/de\/wp-json\/wp\/v2\/product\/2355","targetHints":{"allow":["GET"]}}],"collection":[{"href":"https:\/\/pocencoffee.com\/de\/wp-json\/wp\/v2\/product"}],"about":[{"href":"https:\/\/pocencoffee.com\/de\/wp-json\/wp\/v2\/types\/product"}],"version-history":[{"count":1,"href":"https:\/\/pocencoffee.com\/de\/wp-json\/wp\/v2\/product\/2355\/revisions"}],"predecessor-version":[{"id":2360,"href":"https:\/\/pocencoffee.com\/de\/wp-json\/wp\/v2\/product\/2355\/revisions\/2360"}],"wp:featuredmedia":[{"embeddable":true,"href":"https:\/\/pocencoffee.com\/de\/wp-json\/wp\/v2\/media\/2356"}],"wp:attachment":[{"href":"https:\/\/pocencoffee.com\/de\/wp-json\/wp\/v2\/media?parent=2355"}],"wp:term":[{"taxonomy":"product_brand","embeddable":true,"href":"https:\/\/pocencoffee.com\/de\/wp-json\/wp\/v2\/product_brand?post=2355"},{"taxonomy":"product_cat","embeddable":true,"href":"https:\/\/pocencoffee.com\/de\/wp-json\/wp\/v2\/product_cat?post=2355"},{"taxonomy":"product_tag","embeddable":true,"href":"https:\/\/pocencoffee.com\/de\/wp-json\/wp\/v2\/product_tag?post=2355"}],"curies":[{"name":"wp","href":"https:\/\/api.w.org\/{rel}","templated":true}]}}