{"id":2371,"date":"2024-03-31T01:29:06","date_gmt":"2024-03-31T08:29:06","guid":{"rendered":"https:\/\/pocencoffee.com\/?post_type=product&#038;p=2371"},"modified":"2024-03-31T01:29:06","modified_gmt":"2024-03-31T08:29:06","slug":"espresso-kaffee-ruhrwerkzeug","status":"publish","type":"product","link":"https:\/\/pocencoffee.com\/de\/product\/espresso-kaffee-ruhrwerkzeug\/","title":{"rendered":"R\u00fchrwerkzeug f\u00fcr Espressokaffee"},"content":{"rendered":"<p><strong>Hilfsmittel f\u00fcr die Verteilung: Espressokaffee, d\u00fcnne R\u00fchrnadel<\/strong><\/p>\n<p>Material : Nadel aus rostfreiem Stahl, Holzgriff<\/p>\n<p>Gr\u00f6\u00dfe: 8 Nadeln<\/p>\n<p>Anpassungsm\u00f6glichkeiten: Farbe, LOGO, Verpackung<\/p>\n<p><img fetchpriority=\"high\" decoding=\"async\" class=\"alignnone size-medium wp-image-2375\" src=\"https:\/\/pocencoffee.com\/wp-content\/uploads\/2024\/03\/TPY-epresso-stirrer-300x300.jpg\" alt=\"\" width=\"300\" height=\"300\" title=\"\" srcset=\"https:\/\/pocencoffee.com\/wp-content\/uploads\/2024\/03\/TPY-epresso-stirrer-300x300.jpg 300w, https:\/\/pocencoffee.com\/wp-content\/uploads\/2024\/03\/TPY-epresso-stirrer-150x150.jpg 150w, https:\/\/pocencoffee.com\/wp-content\/uploads\/2024\/03\/TPY-epresso-stirrer-100x100.jpg 100w, https:\/\/pocencoffee.com\/wp-content\/uploads\/2024\/03\/TPY-epresso-stirrer.jpg 600w\" sizes=\"(max-width: 300px) 100vw, 300px\" \/><\/p>","protected":false},"excerpt":{"rendered":"<p>Holzgriff, Holzhalter und d\u00fcnner 8-Nadel-Espressor\u00fchrer aus 304 Edelstahl.<\/p>","protected":false},"featured_media":2372,"template":"","meta":[],"product_brand":[],"product_cat":[23],"product_tag":[],"class_list":{"0":"post-2371","1":"product","2":"type-product","3":"status-publish","4":"has-post-thumbnail","6":"product_cat-coffee-tamperscoffee-coffee-leveler","8":"first","9":"instock","10":"shipping-taxable","11":"product-type-simple"},"_links":{"self":[{"href":"https:\/\/pocencoffee.com\/de\/wp-json\/wp\/v2\/product\/2371","targetHints":{"allow":["GET"]}}],"collection":[{"href":"https:\/\/pocencoffee.com\/de\/wp-json\/wp\/v2\/product"}],"about":[{"href":"https:\/\/pocencoffee.com\/de\/wp-json\/wp\/v2\/types\/product"}],"version-history":[{"count":1,"href":"https:\/\/pocencoffee.com\/de\/wp-json\/wp\/v2\/product\/2371\/revisions"}],"predecessor-version":[{"id":2376,"href":"https:\/\/pocencoffee.com\/de\/wp-json\/wp\/v2\/product\/2371\/revisions\/2376"}],"wp:featuredmedia":[{"embeddable":true,"href":"https:\/\/pocencoffee.com\/de\/wp-json\/wp\/v2\/media\/2372"}],"wp:attachment":[{"href":"https:\/\/pocencoffee.com\/de\/wp-json\/wp\/v2\/media?parent=2371"}],"wp:term":[{"taxonomy":"product_brand","embeddable":true,"href":"https:\/\/pocencoffee.com\/de\/wp-json\/wp\/v2\/product_brand?post=2371"},{"taxonomy":"product_cat","embeddable":true,"href":"https:\/\/pocencoffee.com\/de\/wp-json\/wp\/v2\/product_cat?post=2371"},{"taxonomy":"product_tag","embeddable":true,"href":"https:\/\/pocencoffee.com\/de\/wp-json\/wp\/v2\/product_tag?post=2371"}],"curies":[{"name":"wp","href":"https:\/\/api.w.org\/{rel}","templated":true}]}}