{"id":2439,"date":"2024-04-09T06:31:16","date_gmt":"2024-04-09T13:31:16","guid":{"rendered":"https:\/\/pocencoffee.com\/?post_type=product&#038;p=2439"},"modified":"2024-04-09T06:31:16","modified_gmt":"2024-04-09T13:31:16","slug":"baristas-wahlen-weiche-kaffeestampfmatte","status":"publish","type":"product","link":"https:\/\/pocencoffee.com\/de\/product\/baristas-wahlen-weiche-kaffeestampfmatte\/","title":{"rendered":"Baristas entscheiden sich f\u00fcr eine weiche Kaffeetampmatte."},"content":{"rendered":"<p><strong>Baristas entscheiden sich f\u00fcr eine weiche Kaffeetampmatte.<\/strong><\/p>\n<p>Es besteht aus weichem Silikon und die 3 cm lange Ecke passt an die meisten Tischkanten.<\/p>\n<p>Der Durchmesser der Basis betr\u00e4gt 60 mm und sie bietet eine weiche Auflage f\u00fcr alle Arten von Kaffeestampfern, Nivellierern und Siebtr\u00e4gern.<\/p>\n<p>Wir sind ein Hersteller, der Dienstleistungen zur individuellen Gestaltung von Logos, Farben und Verpackungen anbietet. Bitte kontaktieren Sie uns f\u00fcr Ihre Bestellungen.<\/p>","protected":false},"excerpt":{"rendered":"<p>Weiche Silikon-Kaffee-Eckmatte f\u00fcr Baristas.<\/p>\n<p>Material: Silikonkautschuk<\/p>\n<p>Gr\u00f6\u00dfe : 21cm x 15cm<\/p>\n<p>Anpassungsm\u00f6glichkeiten: LOGO, Verpackung<\/p>\n<p>Basis: Der Durchmesser der Basis betr\u00e4gt 60 mm. .<\/p>","protected":false},"featured_media":2440,"template":"","meta":[],"product_brand":[],"product_cat":[26],"product_tag":[],"class_list":{"0":"post-2439","1":"product","2":"type-product","3":"status-publish","4":"has-post-thumbnail","6":"product_cat-coffee-corner-mat","8":"first","9":"instock","10":"shipping-taxable","11":"product-type-simple"},"_links":{"self":[{"href":"https:\/\/pocencoffee.com\/de\/wp-json\/wp\/v2\/product\/2439","targetHints":{"allow":["GET"]}}],"collection":[{"href":"https:\/\/pocencoffee.com\/de\/wp-json\/wp\/v2\/product"}],"about":[{"href":"https:\/\/pocencoffee.com\/de\/wp-json\/wp\/v2\/types\/product"}],"version-history":[{"count":1,"href":"https:\/\/pocencoffee.com\/de\/wp-json\/wp\/v2\/product\/2439\/revisions"}],"predecessor-version":[{"id":2442,"href":"https:\/\/pocencoffee.com\/de\/wp-json\/wp\/v2\/product\/2439\/revisions\/2442"}],"wp:featuredmedia":[{"embeddable":true,"href":"https:\/\/pocencoffee.com\/de\/wp-json\/wp\/v2\/media\/2440"}],"wp:attachment":[{"href":"https:\/\/pocencoffee.com\/de\/wp-json\/wp\/v2\/media?parent=2439"}],"wp:term":[{"taxonomy":"product_brand","embeddable":true,"href":"https:\/\/pocencoffee.com\/de\/wp-json\/wp\/v2\/product_brand?post=2439"},{"taxonomy":"product_cat","embeddable":true,"href":"https:\/\/pocencoffee.com\/de\/wp-json\/wp\/v2\/product_cat?post=2439"},{"taxonomy":"product_tag","embeddable":true,"href":"https:\/\/pocencoffee.com\/de\/wp-json\/wp\/v2\/product_tag?post=2439"}],"curies":[{"name":"wp","href":"https:\/\/api.w.org\/{rel}","templated":true}]}}