{"id":2443,"date":"2024-04-09T06:31:48","date_gmt":"2024-04-09T13:31:48","guid":{"rendered":"https:\/\/pocencoffee.com\/?post_type=product&#038;p=2443"},"modified":"2024-04-09T06:35:17","modified_gmt":"2024-04-09T13:35:17","slug":"mittelgrose-kaffee-eckmatte-mit-einem-fus","status":"publish","type":"product","link":"https:\/\/pocencoffee.com\/de\/product\/mittelgrose-kaffee-eckmatte-mit-einem-fus\/","title":{"rendered":"Mittlere Einzelbasis-Kaffee-Eckenmatte"},"content":{"rendered":"<p><strong>Mittlere Einzelbasis-Kaffee-Eckenmatte<\/strong><\/p>\n<p>Es besteht aus weichem Silikon und die 3 cm lange Ecke passt an die meisten Tischkanten.<\/p>\n<p>Der Durchmesser der Basis betr\u00e4gt 60 mm und sie bietet eine weiche Auflage f\u00fcr alle Arten von Kaffeestampfern, Nivellierern und Siebtr\u00e4gern.<\/p>\n<p>Wir sind ein Hersteller, der Dienstleistungen zur individuellen Gestaltung von Logos, Farben und Verpackungen anbietet. Bitte kontaktieren Sie uns f\u00fcr Ihre Bestellungen.<\/p>","protected":false},"excerpt":{"rendered":"<p><strong>Kaffeecke-Matte<\/strong><\/p>\n<p>Material: Silikonkautschuk<\/p>\n<p>Gr\u00f6\u00dfe : 17.5cm x 12.5cm<\/p>\n<p>Anpassungsm\u00f6glichkeiten: LOGO, Verpackung<\/p>\n<p>Basis: Der Durchmesser der Basis betr\u00e4gt 60 mm. .<\/p>","protected":false},"featured_media":2444,"template":"","meta":[],"product_brand":[],"product_cat":[26],"product_tag":[],"class_list":{"0":"post-2443","1":"product","2":"type-product","3":"status-publish","4":"has-post-thumbnail","6":"product_cat-coffee-corner-mat","8":"first","9":"instock","10":"shipping-taxable","11":"product-type-simple"},"_links":{"self":[{"href":"https:\/\/pocencoffee.com\/de\/wp-json\/wp\/v2\/product\/2443","targetHints":{"allow":["GET"]}}],"collection":[{"href":"https:\/\/pocencoffee.com\/de\/wp-json\/wp\/v2\/product"}],"about":[{"href":"https:\/\/pocencoffee.com\/de\/wp-json\/wp\/v2\/types\/product"}],"version-history":[{"count":2,"href":"https:\/\/pocencoffee.com\/de\/wp-json\/wp\/v2\/product\/2443\/revisions"}],"predecessor-version":[{"id":2448,"href":"https:\/\/pocencoffee.com\/de\/wp-json\/wp\/v2\/product\/2443\/revisions\/2448"}],"wp:featuredmedia":[{"embeddable":true,"href":"https:\/\/pocencoffee.com\/de\/wp-json\/wp\/v2\/media\/2444"}],"wp:attachment":[{"href":"https:\/\/pocencoffee.com\/de\/wp-json\/wp\/v2\/media?parent=2443"}],"wp:term":[{"taxonomy":"product_brand","embeddable":true,"href":"https:\/\/pocencoffee.com\/de\/wp-json\/wp\/v2\/product_brand?post=2443"},{"taxonomy":"product_cat","embeddable":true,"href":"https:\/\/pocencoffee.com\/de\/wp-json\/wp\/v2\/product_cat?post=2443"},{"taxonomy":"product_tag","embeddable":true,"href":"https:\/\/pocencoffee.com\/de\/wp-json\/wp\/v2\/product_tag?post=2443"}],"curies":[{"name":"wp","href":"https:\/\/api.w.org\/{rel}","templated":true}]}}