{"id":2459,"date":"2024-04-09T06:53:31","date_gmt":"2024-04-09T13:53:31","guid":{"rendered":"https:\/\/pocencoffee.com\/?post_type=product&#038;p=2459"},"modified":"2024-04-09T07:00:11","modified_gmt":"2024-04-09T14:00:11","slug":"weiche-kaffeestampfmatte-fabrik","status":"publish","type":"product","link":"https:\/\/pocencoffee.com\/de\/product\/weiche-kaffeestampfmatte-fabrik\/","title":{"rendered":"Fabrik f\u00fcr weiche Kaffeetampmatten"},"content":{"rendered":"<p><strong>Fabrik f\u00fcr weiche Kaffeetampmatten<\/strong><\/p>\n<p>Er ist aus weichem Silikon gefertigt und hat das klassischste Design: keine Tischkante. Sie k\u00f6nnen ihn \u00fcberall hinstellen.<\/p>\n<p>Der Durchmesser der Basis betr\u00e4gt 60 mm und sie bietet eine weiche Auflage f\u00fcr alle Arten von Kaffeestampfern, Nivellierern und Siebtr\u00e4gern.<\/p>\n<p>Wir sind ein Hersteller, der Dienstleistungen zur individuellen Gestaltung von Logos, Farben und Verpackungen anbietet. Bitte kontaktieren Sie uns f\u00fcr Ihre Bestellungen.<\/p>","protected":false},"excerpt":{"rendered":"<p><strong>Weiche Kaffeestampfmatte<\/strong><\/p>\n<p>Material: Silikonkautschuk<\/p>\n<p>Gr\u00f6\u00dfe : 20cm x 15cm<\/p>\n<p>Anpassungsm\u00f6glichkeiten: LOGO, Verpackung<\/p>\n<p>Basis: Der Durchmesser der Basis betr\u00e4gt 60 mm. .<\/p>","protected":false},"featured_media":2460,"template":"","meta":[],"product_brand":[],"product_cat":[26],"product_tag":[],"class_list":{"0":"post-2459","1":"product","2":"type-product","3":"status-publish","4":"has-post-thumbnail","6":"product_cat-coffee-corner-mat","8":"first","9":"instock","10":"shipping-taxable","11":"product-type-simple"},"_links":{"self":[{"href":"https:\/\/pocencoffee.com\/de\/wp-json\/wp\/v2\/product\/2459","targetHints":{"allow":["GET"]}}],"collection":[{"href":"https:\/\/pocencoffee.com\/de\/wp-json\/wp\/v2\/product"}],"about":[{"href":"https:\/\/pocencoffee.com\/de\/wp-json\/wp\/v2\/types\/product"}],"version-history":[{"count":1,"href":"https:\/\/pocencoffee.com\/de\/wp-json\/wp\/v2\/product\/2459\/revisions"}],"predecessor-version":[{"id":2462,"href":"https:\/\/pocencoffee.com\/de\/wp-json\/wp\/v2\/product\/2459\/revisions\/2462"}],"wp:featuredmedia":[{"embeddable":true,"href":"https:\/\/pocencoffee.com\/de\/wp-json\/wp\/v2\/media\/2460"}],"wp:attachment":[{"href":"https:\/\/pocencoffee.com\/de\/wp-json\/wp\/v2\/media?parent=2459"}],"wp:term":[{"taxonomy":"product_brand","embeddable":true,"href":"https:\/\/pocencoffee.com\/de\/wp-json\/wp\/v2\/product_brand?post=2459"},{"taxonomy":"product_cat","embeddable":true,"href":"https:\/\/pocencoffee.com\/de\/wp-json\/wp\/v2\/product_cat?post=2459"},{"taxonomy":"product_tag","embeddable":true,"href":"https:\/\/pocencoffee.com\/de\/wp-json\/wp\/v2\/product_tag?post=2459"}],"curies":[{"name":"wp","href":"https:\/\/api.w.org\/{rel}","templated":true}]}}