{"id":2463,"date":"2024-04-09T07:00:36","date_gmt":"2024-04-09T14:00:36","guid":{"rendered":"https:\/\/pocencoffee.com\/?post_type=product&#038;p=2463"},"modified":"2024-04-09T07:10:35","modified_gmt":"2024-04-09T14:10:35","slug":"hersteller-von-kaffeestampfern-und-siebtrager","status":"publish","type":"product","link":"https:\/\/pocencoffee.com\/de\/product\/hersteller-von-kaffeestampfern-und-siebtrager\/","title":{"rendered":"Hersteller von Kaffeestampfern und Siebtr\u00e4gerhaltern"},"content":{"rendered":"<p><strong>Hersteller von Kaffeestampfern und Siebtr\u00e4gerhaltern<\/strong><\/p>\n<p>Die Ober- und Unterseite bestehen aus weichem Silikongummi und SS-St\u00e4ndern.  Diese Tamper-Station vereint Portafilter, Tamper-Halter und Station in sich.<\/p>\n<p>Der Durchmesser der Basis betr\u00e4gt 60 mm und sie bietet eine weiche Auflage f\u00fcr alle Arten von Kaffeestampfern, Nivellierern und Siebtr\u00e4gern.<\/p>\n<p>Wir sind ein Hersteller, der Dienstleistungen zur individuellen Gestaltung von Logos, Farben und Verpackungen anbietet. Bitte kontaktieren Sie uns f\u00fcr Ihre Bestellungen.<\/p>","protected":false},"excerpt":{"rendered":"<p><strong>Kaffeestampfer und Siebtr\u00e4ger<\/strong><\/p>\n<p>Material: Silikonkautschuk, Edelstahl.<\/p>\n<p>Gr\u00f6\u00dfe : 14\u00d77.5\u00d75.6cm<\/p>\n<p>Anpassungsm\u00f6glichkeiten: LOGO, Verpackung<\/p>\n<p>Basis: Der Durchmesser der Basis betr\u00e4gt 60 mm. .<\/p>","protected":false},"featured_media":2464,"template":"","meta":[],"product_brand":[],"product_cat":[26],"product_tag":[],"class_list":{"0":"post-2463","1":"product","2":"type-product","3":"status-publish","4":"has-post-thumbnail","6":"product_cat-coffee-corner-mat","8":"first","9":"instock","10":"shipping-taxable","11":"product-type-simple"},"_links":{"self":[{"href":"https:\/\/pocencoffee.com\/de\/wp-json\/wp\/v2\/product\/2463","targetHints":{"allow":["GET"]}}],"collection":[{"href":"https:\/\/pocencoffee.com\/de\/wp-json\/wp\/v2\/product"}],"about":[{"href":"https:\/\/pocencoffee.com\/de\/wp-json\/wp\/v2\/types\/product"}],"version-history":[{"count":1,"href":"https:\/\/pocencoffee.com\/de\/wp-json\/wp\/v2\/product\/2463\/revisions"}],"predecessor-version":[{"id":2468,"href":"https:\/\/pocencoffee.com\/de\/wp-json\/wp\/v2\/product\/2463\/revisions\/2468"}],"wp:featuredmedia":[{"embeddable":true,"href":"https:\/\/pocencoffee.com\/de\/wp-json\/wp\/v2\/media\/2464"}],"wp:attachment":[{"href":"https:\/\/pocencoffee.com\/de\/wp-json\/wp\/v2\/media?parent=2463"}],"wp:term":[{"taxonomy":"product_brand","embeddable":true,"href":"https:\/\/pocencoffee.com\/de\/wp-json\/wp\/v2\/product_brand?post=2463"},{"taxonomy":"product_cat","embeddable":true,"href":"https:\/\/pocencoffee.com\/de\/wp-json\/wp\/v2\/product_cat?post=2463"},{"taxonomy":"product_tag","embeddable":true,"href":"https:\/\/pocencoffee.com\/de\/wp-json\/wp\/v2\/product_tag?post=2463"}],"curies":[{"name":"wp","href":"https:\/\/api.w.org\/{rel}","templated":true}]}}