{"id":2542,"date":"2024-04-12T07:27:59","date_gmt":"2024-04-12T14:27:59","guid":{"rendered":"https:\/\/pocencoffee.com\/?post_type=product&#038;p=2542"},"modified":"2024-04-12T07:35:14","modified_gmt":"2024-04-12T14:35:14","slug":"groshandel-bodenlose-kaffeesatzrutsche","status":"publish","type":"product","link":"https:\/\/pocencoffee.com\/de\/product\/groshandel-bodenlose-kaffeesatzrutsche\/","title":{"rendered":"Gro\u00dfhandel mit Kaffeesatzschurre ohne Boden"},"content":{"rendered":"<p><strong>Gro\u00dfhandel mit Kaffeesatzschurre ohne Boden<\/strong><\/p>\n<p>Dieser Klopfkasten ist aus rostfreiem Stahl gefertigt, wobei die oberen Kanten mit Silikonkautschuk \u00fcberzogen sind, um das Klopfger\u00e4usch zu d\u00e4mpfen. Ebenso wie die weiche Klopfstange.<\/p>\n<p>Der Klopfstab ist in dickes und weiches Material eingewickelt.  Er ist stark genug, um jedes Klopfen auszuhalten, auch mit einer kleinen Stimme.<\/p>\n<p>Kontaktieren Sie uns, um ein Angebot f\u00fcr Ihre Bestellung zu erhalten.<\/p>\n<p><img fetchpriority=\"high\" decoding=\"async\" class=\"alignnone size-medium wp-image-2548\" src=\"https:\/\/pocencoffee.com\/wp-content\/uploads\/2024\/04\/CKI-coffee-chute-300x226.jpg\" alt=\"\" width=\"300\" height=\"226\" title=\"\" srcset=\"https:\/\/pocencoffee.com\/wp-content\/uploads\/2024\/04\/CKI-coffee-chute-300x226.jpg 300w, https:\/\/pocencoffee.com\/wp-content\/uploads\/2024\/04\/CKI-coffee-chute-600x451.jpg 600w, https:\/\/pocencoffee.com\/wp-content\/uploads\/2024\/04\/CKI-coffee-chute.jpg 722w\" sizes=\"(max-width: 300px) 100vw, 300px\" \/><\/p>","protected":false},"excerpt":{"rendered":"<p><strong>Kaffeesatzschacht ohne Boden<\/strong><\/p>\n<p>Material: 201 rostfreier Stahl, weicher Stab.<\/p>\n<p>Gr\u00f6\u00dfe: 16,7x18x11cm<\/p>\n<p>Farbe: schwarz, Edelstahl naturfarben, oder kundenspezifische Farbe.<\/p>\n<p>Kundenspezifische Anforderungen: Logo, Verpackung<\/p>","protected":false},"featured_media":2543,"template":"","meta":[],"product_brand":[],"product_cat":[25],"product_tag":[],"class_list":{"0":"post-2542","1":"product","2":"type-product","3":"status-publish","4":"has-post-thumbnail","6":"product_cat-knock-box","8":"first","9":"instock","10":"shipping-taxable","11":"product-type-simple"},"_links":{"self":[{"href":"https:\/\/pocencoffee.com\/de\/wp-json\/wp\/v2\/product\/2542","targetHints":{"allow":["GET"]}}],"collection":[{"href":"https:\/\/pocencoffee.com\/de\/wp-json\/wp\/v2\/product"}],"about":[{"href":"https:\/\/pocencoffee.com\/de\/wp-json\/wp\/v2\/types\/product"}],"version-history":[{"count":1,"href":"https:\/\/pocencoffee.com\/de\/wp-json\/wp\/v2\/product\/2542\/revisions"}],"predecessor-version":[{"id":2549,"href":"https:\/\/pocencoffee.com\/de\/wp-json\/wp\/v2\/product\/2542\/revisions\/2549"}],"wp:featuredmedia":[{"embeddable":true,"href":"https:\/\/pocencoffee.com\/de\/wp-json\/wp\/v2\/media\/2543"}],"wp:attachment":[{"href":"https:\/\/pocencoffee.com\/de\/wp-json\/wp\/v2\/media?parent=2542"}],"wp:term":[{"taxonomy":"product_brand","embeddable":true,"href":"https:\/\/pocencoffee.com\/de\/wp-json\/wp\/v2\/product_brand?post=2542"},{"taxonomy":"product_cat","embeddable":true,"href":"https:\/\/pocencoffee.com\/de\/wp-json\/wp\/v2\/product_cat?post=2542"},{"taxonomy":"product_tag","embeddable":true,"href":"https:\/\/pocencoffee.com\/de\/wp-json\/wp\/v2\/product_tag?post=2542"}],"curies":[{"name":"wp","href":"https:\/\/api.w.org\/{rel}","templated":true}]}}