{"id":2575,"date":"2024-04-12T08:29:21","date_gmt":"2024-04-12T15:29:21","guid":{"rendered":"https:\/\/pocencoffee.com\/?post_type=product&#038;p=2575"},"modified":"2024-04-12T08:29:21","modified_gmt":"2024-04-12T15:29:21","slug":"stehende-kaffeeklopfbox-fur-den-gewerblichen-bereich","status":"publish","type":"product","link":"https:\/\/pocencoffee.com\/de\/product\/stehende-kaffeeklopfbox-fur-den-gewerblichen-bereich\/","title":{"rendered":"Kommerzieller Kaffee-Ausgabebeh\u00e4lter"},"content":{"rendered":"<p><strong>Gewerblicher Kaffeeklopfkasten<\/strong><\/p>\n<p>Bodenstehendes Kaffeesatzklopfrohr f\u00fcr den gewerblichen Einsatz, perfekte Gr\u00f6\u00dfe f\u00fcr Caf\u00e9s, Restaurants und Getr\u00e4nkem\u00e4rkte.<\/p>\n<p>Er ist aus haltbarem ABS-Kunststoff gefertigt, hat eine Klopfstange, die mit dickem und weichem Kunststoff ummantelt ist, und ist stark genug, um das t\u00e4gliche Klopfen auszuhalten.<\/p>\n<p>Kontaktieren Sie uns, um ein Angebot zu erhalten.<\/p>","protected":false},"excerpt":{"rendered":"<p><strong>Stehende Kaffeeklopfdose<\/strong><\/p>\n<p>Material: ABS-Kunststoff.<\/p>\n<p>Gr\u00f6\u00dfe: 86cm H * K\u00f6rperdurchmesser 16cm *Bodendurchmesser 22cm<\/p>\n<p>Farbe : schwarz , wei\u00df.<\/p>\n<p>Logo : Ja.<\/p>","protected":false},"featured_media":2576,"template":"","meta":[],"product_brand":[],"product_cat":[25],"product_tag":[],"class_list":{"0":"post-2575","1":"product","2":"type-product","3":"status-publish","4":"has-post-thumbnail","6":"product_cat-knock-box","8":"first","9":"instock","10":"shipping-taxable","11":"product-type-simple"},"_links":{"self":[{"href":"https:\/\/pocencoffee.com\/de\/wp-json\/wp\/v2\/product\/2575","targetHints":{"allow":["GET"]}}],"collection":[{"href":"https:\/\/pocencoffee.com\/de\/wp-json\/wp\/v2\/product"}],"about":[{"href":"https:\/\/pocencoffee.com\/de\/wp-json\/wp\/v2\/types\/product"}],"version-history":[{"count":2,"href":"https:\/\/pocencoffee.com\/de\/wp-json\/wp\/v2\/product\/2575\/revisions"}],"predecessor-version":[{"id":2583,"href":"https:\/\/pocencoffee.com\/de\/wp-json\/wp\/v2\/product\/2575\/revisions\/2583"}],"wp:featuredmedia":[{"embeddable":true,"href":"https:\/\/pocencoffee.com\/de\/wp-json\/wp\/v2\/media\/2576"}],"wp:attachment":[{"href":"https:\/\/pocencoffee.com\/de\/wp-json\/wp\/v2\/media?parent=2575"}],"wp:term":[{"taxonomy":"product_brand","embeddable":true,"href":"https:\/\/pocencoffee.com\/de\/wp-json\/wp\/v2\/product_brand?post=2575"},{"taxonomy":"product_cat","embeddable":true,"href":"https:\/\/pocencoffee.com\/de\/wp-json\/wp\/v2\/product_cat?post=2575"},{"taxonomy":"product_tag","embeddable":true,"href":"https:\/\/pocencoffee.com\/de\/wp-json\/wp\/v2\/product_tag?post=2575"}],"curies":[{"name":"wp","href":"https:\/\/api.w.org\/{rel}","templated":true}]}}