{"id":2604,"date":"2024-04-25T01:32:06","date_gmt":"2024-04-25T08:32:06","guid":{"rendered":"https:\/\/pocencoffee.com\/?post_type=product&#038;p=2604"},"modified":"2024-04-25T02:57:38","modified_gmt":"2024-04-25T09:57:38","slug":"bruhkaffee-wasserkocher-mit-temperaturanzeige","status":"publish","type":"product","link":"https:\/\/pocencoffee.com\/de\/product\/bruhkaffee-wasserkocher-mit-temperaturanzeige\/","title":{"rendered":"Kaffeekocher mit Temperaturanzeige"},"content":{"rendered":"<p><strong>Kaffeekocher mit Temperaturanzeige<\/strong><\/p>\n<p>Dieser Wasserkocher hat ein perfektes Design f\u00fcr den Ausgie\u00dfer und den Ausgie\u00dfgriff.<\/p>\n<p>Der lange Hals und der perfekte Winkel der Gie\u00dfd\u00fcse sorgen f\u00fcr eine gute Kontrolle des Wasserflusses.<\/p>\n<p>Der Griff liegt gut in der Hand und dient zum Einstellen des Ausgie\u00dfens.<\/p>\n<p>&nbsp;<\/p>","protected":false},"excerpt":{"rendered":"<p>Br\u00fchkessel mit Luftloch zum Einsetzen des Temperaturmessers<\/p>\n<p>Normen : LFGB , FDA .<\/p>\n<p>Material : 304 Edelstahl, Plasti .<\/p>\n<p>Fassungsverm\u00f6gen : 1000ml ; 1200ml.<\/p>\n<p>Farbe: S\/S Naturfarbe, Schwarz oder kundenspezifische Anpassung.<\/p>\n<p>Personalisierung: Farbe, Gr\u00f6\u00dfe, Verpackung, Logo.<\/p>","protected":false},"featured_media":2605,"template":"","meta":[],"product_brand":[],"product_cat":[24],"product_tag":[],"class_list":{"0":"post-2604","1":"product","2":"type-product","3":"status-publish","4":"has-post-thumbnail","6":"product_cat-pour-over-kettle","8":"first","9":"instock","10":"shipping-taxable","11":"product-type-simple"},"_links":{"self":[{"href":"https:\/\/pocencoffee.com\/de\/wp-json\/wp\/v2\/product\/2604","targetHints":{"allow":["GET"]}}],"collection":[{"href":"https:\/\/pocencoffee.com\/de\/wp-json\/wp\/v2\/product"}],"about":[{"href":"https:\/\/pocencoffee.com\/de\/wp-json\/wp\/v2\/types\/product"}],"version-history":[{"count":2,"href":"https:\/\/pocencoffee.com\/de\/wp-json\/wp\/v2\/product\/2604\/revisions"}],"predecessor-version":[{"id":2652,"href":"https:\/\/pocencoffee.com\/de\/wp-json\/wp\/v2\/product\/2604\/revisions\/2652"}],"wp:featuredmedia":[{"embeddable":true,"href":"https:\/\/pocencoffee.com\/de\/wp-json\/wp\/v2\/media\/2605"}],"wp:attachment":[{"href":"https:\/\/pocencoffee.com\/de\/wp-json\/wp\/v2\/media?parent=2604"}],"wp:term":[{"taxonomy":"product_brand","embeddable":true,"href":"https:\/\/pocencoffee.com\/de\/wp-json\/wp\/v2\/product_brand?post=2604"},{"taxonomy":"product_cat","embeddable":true,"href":"https:\/\/pocencoffee.com\/de\/wp-json\/wp\/v2\/product_cat?post=2604"},{"taxonomy":"product_tag","embeddable":true,"href":"https:\/\/pocencoffee.com\/de\/wp-json\/wp\/v2\/product_tag?post=2604"}],"curies":[{"name":"wp","href":"https:\/\/api.w.org\/{rel}","templated":true}]}}