{"id":2609,"date":"2024-04-25T01:36:37","date_gmt":"2024-04-25T08:36:37","guid":{"rendered":"https:\/\/pocencoffee.com\/?post_type=product&#038;p=2609"},"modified":"2024-04-25T01:59:17","modified_gmt":"2024-04-25T08:59:17","slug":"250-ml-350-ml-kaffeekanne-fur-handfilter","status":"publish","type":"product","link":"https:\/\/pocencoffee.com\/de\/product\/250-ml-350-ml-kaffeekanne-fur-handfilter\/","title":{"rendered":"250 ml 350 ml Kaffeekanne f\u00fcr Handfilter"},"content":{"rendered":"<p><strong>250 ml 350 ml Kaffeekanne f\u00fcr Handfilter\u00a0<\/strong><\/p>\n<p>Dieser Wasserkocher hat ein perfektes Design f\u00fcr den Ausgie\u00dfer und den Ausgie\u00dfgriff.<\/p>\n<p>Der lange Hals und der perfekte Winkel der Gie\u00dfd\u00fcse sorgen f\u00fcr eine gute Kontrolle des Wasserflusses.<\/p>\n<p>Der Griff liegt gut in der Hand und dient zum Einstellen des Ausgie\u00dfens.<\/p>\n<p>Die Deckel k\u00f6nnen aus Bambus oder Holz sein; das h\u00e4ngt von Ihren Bed\u00fcrfnissen ab.<\/p>","protected":false},"excerpt":{"rendered":"<p>Es handelt sich um einen Wasserkocher mit einer Kapazit\u00e4t von 1 Tasse Kaffee<\/p>\n<p>Normen : LFGB , FDA .<\/p>\n<p>Material : 304 Edelstahl<\/p>\n<p>Fassungsverm\u00f6gen : 250ml ; 350ml.<\/p>\n<p>Farbe: S\/S Naturfarbe, Schwarz oder kundenspezifische Anpassung.<\/p>\n<p>Personalisierung: Farbe, Gr\u00f6\u00dfe, Verpackung, Logo.<\/p>","protected":false},"featured_media":2610,"template":"","meta":[],"product_brand":[],"product_cat":[24],"product_tag":[],"class_list":{"0":"post-2609","1":"product","2":"type-product","3":"status-publish","4":"has-post-thumbnail","6":"product_cat-pour-over-kettle","8":"first","9":"instock","10":"shipping-taxable","11":"product-type-simple"},"_links":{"self":[{"href":"https:\/\/pocencoffee.com\/de\/wp-json\/wp\/v2\/product\/2609","targetHints":{"allow":["GET"]}}],"collection":[{"href":"https:\/\/pocencoffee.com\/de\/wp-json\/wp\/v2\/product"}],"about":[{"href":"https:\/\/pocencoffee.com\/de\/wp-json\/wp\/v2\/types\/product"}],"version-history":[{"count":1,"href":"https:\/\/pocencoffee.com\/de\/wp-json\/wp\/v2\/product\/2609\/revisions"}],"predecessor-version":[{"id":2618,"href":"https:\/\/pocencoffee.com\/de\/wp-json\/wp\/v2\/product\/2609\/revisions\/2618"}],"wp:featuredmedia":[{"embeddable":true,"href":"https:\/\/pocencoffee.com\/de\/wp-json\/wp\/v2\/media\/2610"}],"wp:attachment":[{"href":"https:\/\/pocencoffee.com\/de\/wp-json\/wp\/v2\/media?parent=2609"}],"wp:term":[{"taxonomy":"product_brand","embeddable":true,"href":"https:\/\/pocencoffee.com\/de\/wp-json\/wp\/v2\/product_brand?post=2609"},{"taxonomy":"product_cat","embeddable":true,"href":"https:\/\/pocencoffee.com\/de\/wp-json\/wp\/v2\/product_cat?post=2609"},{"taxonomy":"product_tag","embeddable":true,"href":"https:\/\/pocencoffee.com\/de\/wp-json\/wp\/v2\/product_tag?post=2609"}],"curies":[{"name":"wp","href":"https:\/\/api.w.org\/{rel}","templated":true}]}}