{"id":2619,"date":"2024-04-25T02:01:56","date_gmt":"2024-04-25T09:01:56","guid":{"rendered":"https:\/\/pocencoffee.com\/?post_type=product&#038;p=2619"},"modified":"2024-04-25T02:16:12","modified_gmt":"2024-04-25T09:16:12","slug":"650-ml-kaffeekanne-mit-holzgriff","status":"publish","type":"product","link":"https:\/\/pocencoffee.com\/de\/product\/650-ml-kaffeekanne-mit-holzgriff\/","title":{"rendered":"650 ml Kaffeekanne mit Holzgriff"},"content":{"rendered":"<p><strong>650-ml-Kaffeekessel mit Holzgriff<\/strong><\/p>\n<p>Dieser Wasserkocher hat ein perfektes Design f\u00fcr den Ausgie\u00dfer und den Ausgie\u00dfgriff.<\/p>\n<p>Der lange Hals und der perfekte Winkel der Gie\u00dfd\u00fcse sorgen f\u00fcr eine gute Kontrolle des Wasserflusses.<\/p>\n<p>Der Griff liegt gut in der Hand und dient zum Einstellen des Ausgie\u00dfens.<\/p>\n<p>Holzgriff und -knauf sind hitzebest\u00e4ndig.<\/p>\n<p><img fetchpriority=\"high\" decoding=\"async\" class=\"alignnone size-medium wp-image-2626\" src=\"https:\/\/pocencoffee.com\/wp-content\/uploads\/2024\/04\/HDE-pouring-action-300x300.jpg\" alt=\"\" width=\"300\" height=\"300\" title=\"\" srcset=\"https:\/\/pocencoffee.com\/wp-content\/uploads\/2024\/04\/HDE-pouring-action-300x300.jpg 300w, https:\/\/pocencoffee.com\/wp-content\/uploads\/2024\/04\/HDE-pouring-action-150x150.jpg 150w, https:\/\/pocencoffee.com\/wp-content\/uploads\/2024\/04\/HDE-pouring-action-100x100.jpg 100w, https:\/\/pocencoffee.com\/wp-content\/uploads\/2024\/04\/HDE-pouring-action.jpg 600w\" sizes=\"(max-width: 300px) 100vw, 300px\" \/><\/p>","protected":false},"excerpt":{"rendered":"<p>Der Holzgriff und -knauf kann Hitze verhindern.<\/p>\n<p>Normen : LFGB , FDA .<\/p>\n<p>Material : 304 Edelstahl, Gummiholz.<\/p>\n<p>Fassungsverm\u00f6gen: 650ml.<\/p>\n<p>Farbe: S\/S Naturfarbe, Schwarz oder kundenspezifische Anpassung.<\/p>\n<p>Personalisierung: Farbe, Gr\u00f6\u00dfe, Verpackung, Logo.<\/p>","protected":false},"featured_media":2620,"template":"","meta":[],"product_brand":[],"product_cat":[24],"product_tag":[],"class_list":{"0":"post-2619","1":"product","2":"type-product","3":"status-publish","4":"has-post-thumbnail","6":"product_cat-pour-over-kettle","8":"first","9":"instock","10":"shipping-taxable","11":"product-type-simple"},"_links":{"self":[{"href":"https:\/\/pocencoffee.com\/de\/wp-json\/wp\/v2\/product\/2619","targetHints":{"allow":["GET"]}}],"collection":[{"href":"https:\/\/pocencoffee.com\/de\/wp-json\/wp\/v2\/product"}],"about":[{"href":"https:\/\/pocencoffee.com\/de\/wp-json\/wp\/v2\/types\/product"}],"version-history":[{"count":1,"href":"https:\/\/pocencoffee.com\/de\/wp-json\/wp\/v2\/product\/2619\/revisions"}],"predecessor-version":[{"id":2627,"href":"https:\/\/pocencoffee.com\/de\/wp-json\/wp\/v2\/product\/2619\/revisions\/2627"}],"wp:featuredmedia":[{"embeddable":true,"href":"https:\/\/pocencoffee.com\/de\/wp-json\/wp\/v2\/media\/2620"}],"wp:attachment":[{"href":"https:\/\/pocencoffee.com\/de\/wp-json\/wp\/v2\/media?parent=2619"}],"wp:term":[{"taxonomy":"product_brand","embeddable":true,"href":"https:\/\/pocencoffee.com\/de\/wp-json\/wp\/v2\/product_brand?post=2619"},{"taxonomy":"product_cat","embeddable":true,"href":"https:\/\/pocencoffee.com\/de\/wp-json\/wp\/v2\/product_cat?post=2619"},{"taxonomy":"product_tag","embeddable":true,"href":"https:\/\/pocencoffee.com\/de\/wp-json\/wp\/v2\/product_tag?post=2619"}],"curies":[{"name":"wp","href":"https:\/\/api.w.org\/{rel}","templated":true}]}}