{"id":2633,"date":"2024-04-25T02:34:34","date_gmt":"2024-04-25T09:34:34","guid":{"rendered":"https:\/\/pocencoffee.com\/?post_type=product&#038;p=2633"},"modified":"2024-04-25T02:56:09","modified_gmt":"2024-04-25T09:56:09","slug":"galvanik-farbe-tropfkaffee-wasserkocher","status":"publish","type":"product","link":"https:\/\/pocencoffee.com\/de\/product\/galvanik-farbe-tropfkaffee-wasserkocher\/","title":{"rendered":"Galvanisierte Kaffeekanne mit Farbtropfen"},"content":{"rendered":"<p><strong>Galvanisierte Kaffeekanne mit Farbtropfen<\/strong><\/p>\n<p>Dieser Wasserkocher hat ein perfektes Design f\u00fcr den Ausgie\u00dfer und den Ausgie\u00dfgriff.<\/p>\n<p>Der lange Hals und der perfekte 90\u00b0-Winkel der Gie\u00dfd\u00fcse sowie der 4 mm Durchmesser der D\u00fcse sorgen f\u00fcr eine gute Kontrolle des Wasserflusses.<\/p>\n<p>Der Griff liegt gut in der Hand und dient zum Einstellen des Ausgie\u00dfens.<\/p>\n<p>&nbsp;<\/p>","protected":false},"excerpt":{"rendered":"<p>90\u00b0 Winkel der Gie\u00dfd\u00fcse, 4mm Durchmesser der D\u00fcse.<\/p>\n<p>Normen : LFGB , FDA .<\/p>\n<p>Material : 304 Edelstahl.<\/p>\n<p>Fassungsverm\u00f6gen: 250ml , 350ml.<\/p>\n<p>Farbe: schwarz oder nach Wunsch.<\/p>\n<p>Personalisierung: Farbe, Gr\u00f6\u00dfe, Verpackung, Logo.<\/p>","protected":false},"featured_media":2634,"template":"","meta":[],"product_brand":[],"product_cat":[24],"product_tag":[],"class_list":{"0":"post-2633","1":"product","2":"type-product","3":"status-publish","4":"has-post-thumbnail","6":"product_cat-pour-over-kettle","8":"first","9":"instock","10":"shipping-taxable","11":"product-type-simple"},"_links":{"self":[{"href":"https:\/\/pocencoffee.com\/de\/wp-json\/wp\/v2\/product\/2633","targetHints":{"allow":["GET"]}}],"collection":[{"href":"https:\/\/pocencoffee.com\/de\/wp-json\/wp\/v2\/product"}],"about":[{"href":"https:\/\/pocencoffee.com\/de\/wp-json\/wp\/v2\/types\/product"}],"version-history":[{"count":2,"href":"https:\/\/pocencoffee.com\/de\/wp-json\/wp\/v2\/product\/2633\/revisions"}],"predecessor-version":[{"id":2648,"href":"https:\/\/pocencoffee.com\/de\/wp-json\/wp\/v2\/product\/2633\/revisions\/2648"}],"wp:featuredmedia":[{"embeddable":true,"href":"https:\/\/pocencoffee.com\/de\/wp-json\/wp\/v2\/media\/2634"}],"wp:attachment":[{"href":"https:\/\/pocencoffee.com\/de\/wp-json\/wp\/v2\/media?parent=2633"}],"wp:term":[{"taxonomy":"product_brand","embeddable":true,"href":"https:\/\/pocencoffee.com\/de\/wp-json\/wp\/v2\/product_brand?post=2633"},{"taxonomy":"product_cat","embeddable":true,"href":"https:\/\/pocencoffee.com\/de\/wp-json\/wp\/v2\/product_cat?post=2633"},{"taxonomy":"product_tag","embeddable":true,"href":"https:\/\/pocencoffee.com\/de\/wp-json\/wp\/v2\/product_tag?post=2633"}],"curies":[{"name":"wp","href":"https:\/\/api.w.org\/{rel}","templated":true}]}}