{"id":2640,"date":"2024-04-25T02:37:45","date_gmt":"2024-04-25T09:37:45","guid":{"rendered":"https:\/\/pocencoffee.com\/?post_type=product&#038;p=2640"},"modified":"2024-04-25T02:55:43","modified_gmt":"2024-04-25T09:55:43","slug":"premium-choice-handgebruhte-kaffeekanne","status":"publish","type":"product","link":"https:\/\/pocencoffee.com\/de\/product\/premium-choice-handgebruhte-kaffeekanne\/","title":{"rendered":"Hochwertige handgebr\u00fchte Kaffeekanne"},"content":{"rendered":"<p><strong>Hochwertige handgebr\u00fchte Kaffeekanne<\/strong><\/p>\n<p>Dieser Wasserkocher hat ein perfektes Design f\u00fcr den Ausgie\u00dfer und den Ausgie\u00dfgriff.<\/p>\n<p>Der lange Hals und der perfekte 90\u00b0-Winkel der Gie\u00dfd\u00fcse sowie der 4 mm Durchmesser der D\u00fcse sorgen f\u00fcr eine gute Kontrolle des Wasserflusses.<\/p>\n<p>Der Griff liegt gut in der Hand und dient zum Einstellen des Ausgie\u00dfens.<\/p>\n<p>&nbsp;<\/p>","protected":false},"excerpt":{"rendered":"<p>Kaffeetropfkanne mit uneingeschr\u00e4nktem Griff<\/p>\n<p>Normen : LFGB , FDA .<\/p>\n<p>Material : 304 Edelstahl.<\/p>\n<p>Fassungsverm\u00f6gen: 250ml , 350ml.<\/p>\n<p>Farbe: angepasst.<\/p>\n<p>Personalisierung: Farbe, Gr\u00f6\u00dfe, Verpackung, Logo.<\/p>","protected":false},"featured_media":2641,"template":"","meta":[],"product_brand":[],"product_cat":[24],"product_tag":[],"class_list":{"0":"post-2640","1":"product","2":"type-product","3":"status-publish","4":"has-post-thumbnail","6":"product_cat-pour-over-kettle","8":"first","9":"instock","10":"shipping-taxable","11":"product-type-simple"},"_links":{"self":[{"href":"https:\/\/pocencoffee.com\/de\/wp-json\/wp\/v2\/product\/2640","targetHints":{"allow":["GET"]}}],"collection":[{"href":"https:\/\/pocencoffee.com\/de\/wp-json\/wp\/v2\/product"}],"about":[{"href":"https:\/\/pocencoffee.com\/de\/wp-json\/wp\/v2\/types\/product"}],"version-history":[{"count":2,"href":"https:\/\/pocencoffee.com\/de\/wp-json\/wp\/v2\/product\/2640\/revisions"}],"predecessor-version":[{"id":2647,"href":"https:\/\/pocencoffee.com\/de\/wp-json\/wp\/v2\/product\/2640\/revisions\/2647"}],"wp:featuredmedia":[{"embeddable":true,"href":"https:\/\/pocencoffee.com\/de\/wp-json\/wp\/v2\/media\/2641"}],"wp:attachment":[{"href":"https:\/\/pocencoffee.com\/de\/wp-json\/wp\/v2\/media?parent=2640"}],"wp:term":[{"taxonomy":"product_brand","embeddable":true,"href":"https:\/\/pocencoffee.com\/de\/wp-json\/wp\/v2\/product_brand?post=2640"},{"taxonomy":"product_cat","embeddable":true,"href":"https:\/\/pocencoffee.com\/de\/wp-json\/wp\/v2\/product_cat?post=2640"},{"taxonomy":"product_tag","embeddable":true,"href":"https:\/\/pocencoffee.com\/de\/wp-json\/wp\/v2\/product_tag?post=2640"}],"curies":[{"name":"wp","href":"https:\/\/api.w.org\/{rel}","templated":true}]}}