{"id":2661,"date":"2024-04-25T03:07:45","date_gmt":"2024-04-25T10:07:45","guid":{"rendered":"https:\/\/pocencoffee.com\/?post_type=product&#038;p=2661"},"modified":"2024-04-25T03:12:32","modified_gmt":"2024-04-25T10:12:32","slug":"1000-ml-edelstahl-kaffeekessel","status":"publish","type":"product","link":"https:\/\/pocencoffee.com\/de\/product\/1000-ml-edelstahl-kaffeekessel\/","title":{"rendered":"1000 ml Edelstahl-Kaffeekessel"},"content":{"rendered":"<p><strong>1000 ml Edelstahl-Kaffeekessel<\/strong><\/p>\n<p>Dieser Wasserkocher hat ein perfektes Design f\u00fcr den Ausgie\u00dfer und den Ausgie\u00dfgriff.<\/p>\n<p>Der Griff liegt gut in der Hand und dient zum Einstellen des Ausgie\u00dfens.<\/p>\n<p>Das gro\u00dfe Fassungsverm\u00f6gen reicht f\u00fcr 3 Tassen Kaffee.<\/p>\n<p>&nbsp;<\/p>","protected":false},"excerpt":{"rendered":"<p>Ein Wasserkocher mit gro\u00dfem Fassungsverm\u00f6gen, um Kaffee von Hand auszugie\u00dfen<\/p>\n<p>Normen : LFGB , FDA .<\/p>\n<p>Material : 304 Edelstahl.<\/p>\n<p>Fassungsverm\u00f6gen : 1000ml<\/p>\n<p>Farbe: angepasst.<\/p>\n<p>Personalisierung: Farbe, Gr\u00f6\u00dfe, Verpackung, Logo.<\/p>","protected":false},"featured_media":2662,"template":"","meta":[],"product_brand":[],"product_cat":[24],"product_tag":[],"class_list":{"0":"post-2661","1":"product","2":"type-product","3":"status-publish","4":"has-post-thumbnail","6":"product_cat-pour-over-kettle","8":"first","9":"instock","10":"shipping-taxable","11":"product-type-simple"},"_links":{"self":[{"href":"https:\/\/pocencoffee.com\/de\/wp-json\/wp\/v2\/product\/2661","targetHints":{"allow":["GET"]}}],"collection":[{"href":"https:\/\/pocencoffee.com\/de\/wp-json\/wp\/v2\/product"}],"about":[{"href":"https:\/\/pocencoffee.com\/de\/wp-json\/wp\/v2\/types\/product"}],"version-history":[{"count":1,"href":"https:\/\/pocencoffee.com\/de\/wp-json\/wp\/v2\/product\/2661\/revisions"}],"predecessor-version":[{"id":2667,"href":"https:\/\/pocencoffee.com\/de\/wp-json\/wp\/v2\/product\/2661\/revisions\/2667"}],"wp:featuredmedia":[{"embeddable":true,"href":"https:\/\/pocencoffee.com\/de\/wp-json\/wp\/v2\/media\/2662"}],"wp:attachment":[{"href":"https:\/\/pocencoffee.com\/de\/wp-json\/wp\/v2\/media?parent=2661"}],"wp:term":[{"taxonomy":"product_brand","embeddable":true,"href":"https:\/\/pocencoffee.com\/de\/wp-json\/wp\/v2\/product_brand?post=2661"},{"taxonomy":"product_cat","embeddable":true,"href":"https:\/\/pocencoffee.com\/de\/wp-json\/wp\/v2\/product_cat?post=2661"},{"taxonomy":"product_tag","embeddable":true,"href":"https:\/\/pocencoffee.com\/de\/wp-json\/wp\/v2\/product_tag?post=2661"}],"curies":[{"name":"wp","href":"https:\/\/api.w.org\/{rel}","templated":true}]}}