{"id":2674,"date":"2024-04-26T06:10:44","date_gmt":"2024-04-26T13:10:44","guid":{"rendered":"https:\/\/pocencoffee.com\/?post_type=product&#038;p=2674"},"modified":"2024-04-26T07:03:07","modified_gmt":"2024-04-26T14:03:07","slug":"kaffeemuhle-aus-aluminiumlegierung-fur-den-handbetrieb","status":"publish","type":"product","link":"https:\/\/pocencoffee.com\/de\/product\/kaffeemuhle-aus-aluminiumlegierung-fur-den-handbetrieb\/","title":{"rendered":"Kaffeem\u00fchle aus Aluminiumlegierung f\u00fcr die Hand"},"content":{"rendered":"<p><strong>Kaffeem\u00fchle aus Aluminiumlegierung f\u00fcr die Hand<\/strong><\/p>\n<p>Kaffeem\u00fchle, indem Sie die Schraube zum Mahlen von grobem bis feinem Kaffeemehl einstellen.<\/p>\n<p>Es gibt 12 Einstellpunkte.<\/p>\n<p>Der Kern ist aus 420 rostfreiem Stahl, der mit CNC-Maschinen geschliffen wird, und von hoher Qualit\u00e4t. Die hohe H\u00e4rte garantiert die Langlebigkeit des Kerns.<\/p>\n<p><img fetchpriority=\"high\" decoding=\"async\" class=\"alignnone size-medium wp-image-2678\" src=\"https:\/\/pocencoffee.com\/wp-content\/uploads\/2024\/04\/MGD-03-300x300.jpg\" alt=\"\" width=\"300\" height=\"300\" title=\"\" srcset=\"https:\/\/pocencoffee.com\/wp-content\/uploads\/2024\/04\/MGD-03-300x300.jpg 300w, https:\/\/pocencoffee.com\/wp-content\/uploads\/2024\/04\/MGD-03-150x150.jpg 150w, https:\/\/pocencoffee.com\/wp-content\/uploads\/2024\/04\/MGD-03-100x100.jpg 100w, https:\/\/pocencoffee.com\/wp-content\/uploads\/2024\/04\/MGD-03.jpg 500w\" sizes=\"(max-width: 300px) 100vw, 300px\" \/><\/p>","protected":false},"excerpt":{"rendered":"<p><strong>Handkaffeem\u00fchle<\/strong><\/p>\n<p>Material: Aluminiumlegierung, Mahlwerk aus 420er Edelstahl; Holzknauf.<\/p>\n<p>Fassungsverm\u00f6gen : Max. 20g Kaffeebohnen.<\/p>\n<p>Farbe: schwarz, gr\u00fcn, silbern.<\/p>\n<p>Personalisierung: Logo, Farbe, Verpackung.<\/p>","protected":false},"featured_media":2675,"template":"","meta":[],"product_brand":[],"product_cat":[27],"product_tag":[],"class_list":{"0":"post-2674","1":"product","2":"type-product","3":"status-publish","4":"has-post-thumbnail","6":"product_cat-manual-coffee-grinder","8":"first","9":"instock","10":"shipping-taxable","11":"product-type-simple"},"_links":{"self":[{"href":"https:\/\/pocencoffee.com\/de\/wp-json\/wp\/v2\/product\/2674","targetHints":{"allow":["GET"]}}],"collection":[{"href":"https:\/\/pocencoffee.com\/de\/wp-json\/wp\/v2\/product"}],"about":[{"href":"https:\/\/pocencoffee.com\/de\/wp-json\/wp\/v2\/types\/product"}],"version-history":[{"count":2,"href":"https:\/\/pocencoffee.com\/de\/wp-json\/wp\/v2\/product\/2674\/revisions"}],"predecessor-version":[{"id":2680,"href":"https:\/\/pocencoffee.com\/de\/wp-json\/wp\/v2\/product\/2674\/revisions\/2680"}],"wp:featuredmedia":[{"embeddable":true,"href":"https:\/\/pocencoffee.com\/de\/wp-json\/wp\/v2\/media\/2675"}],"wp:attachment":[{"href":"https:\/\/pocencoffee.com\/de\/wp-json\/wp\/v2\/media?parent=2674"}],"wp:term":[{"taxonomy":"product_brand","embeddable":true,"href":"https:\/\/pocencoffee.com\/de\/wp-json\/wp\/v2\/product_brand?post=2674"},{"taxonomy":"product_cat","embeddable":true,"href":"https:\/\/pocencoffee.com\/de\/wp-json\/wp\/v2\/product_cat?post=2674"},{"taxonomy":"product_tag","embeddable":true,"href":"https:\/\/pocencoffee.com\/de\/wp-json\/wp\/v2\/product_tag?post=2674"}],"curies":[{"name":"wp","href":"https:\/\/api.w.org\/{rel}","templated":true}]}}