{"id":2690,"date":"2024-04-26T07:12:17","date_gmt":"2024-04-26T14:12:17","guid":{"rendered":"https:\/\/pocencoffee.com\/?post_type=product&#038;p=2690"},"modified":"2024-04-26T07:19:55","modified_gmt":"2024-04-26T14:19:55","slug":"manuelle-kaffeemuhle-von-premiun-quality","status":"publish","type":"product","link":"https:\/\/pocencoffee.com\/de\/product\/manuelle-kaffeemuhle-von-premiun-quality\/","title":{"rendered":"Manuelle Kaffeem\u00fchle in Premiun-Qualit\u00e4t"},"content":{"rendered":"<p><strong>Manuelle Kaffeem\u00fchle in Premiun-Qualit\u00e4t<\/strong><\/p>\n<p>Kaffeem\u00fchle, indem Sie die Schraube zum Mahlen von grobem bis feinem Kaffeemehl einstellen.<\/p>\n<p>Es gibt 12 Einstellpunkte.<\/p>\n<p>Der Kern ist aus 420 rostfreiem Stahl, der mit CNC-Maschinen geschliffen wird, und von hoher Qualit\u00e4t. Die hohe H\u00e4rte garantiert die Langlebigkeit des Kerns.<\/p>\n<p><img fetchpriority=\"high\" decoding=\"async\" class=\"alignnone size-medium wp-image-2687\" src=\"https:\/\/pocencoffee.com\/wp-content\/uploads\/2024\/04\/567stars-grinder-300x229.jpg\" alt=\"\" width=\"300\" height=\"229\" title=\"\" srcset=\"https:\/\/pocencoffee.com\/wp-content\/uploads\/2024\/04\/567stars-grinder-300x229.jpg 300w, https:\/\/pocencoffee.com\/wp-content\/uploads\/2024\/04\/567stars-grinder-768x586.jpg 768w, https:\/\/pocencoffee.com\/wp-content\/uploads\/2024\/04\/567stars-grinder-600x458.jpg 600w, https:\/\/pocencoffee.com\/wp-content\/uploads\/2024\/04\/567stars-grinder.jpg 800w\" sizes=\"(max-width: 300px) 100vw, 300px\" \/><\/p>","protected":false},"excerpt":{"rendered":"<p><strong>manuelle Kaffeem\u00fchle<\/strong><\/p>\n<p>Material: Aluminiumlegierung, Mahlwerk aus 420er Edelstahl; Holzknauf.<\/p>\n<p>Fassungsverm\u00f6gen : Max. 25g Kaffeebohnen.<\/p>\n<p>Farbe: schwarz, gr\u00fcn, silbern.<\/p>\n<p>Personalisierung: Logo, Farbe, Verpackung.<\/p>","protected":false},"featured_media":2694,"template":"","meta":[],"product_brand":[],"product_cat":[27],"product_tag":[],"class_list":{"0":"post-2690","1":"product","2":"type-product","3":"status-publish","4":"has-post-thumbnail","6":"product_cat-manual-coffee-grinder","8":"first","9":"instock","10":"shipping-taxable","11":"product-type-simple"},"_links":{"self":[{"href":"https:\/\/pocencoffee.com\/de\/wp-json\/wp\/v2\/product\/2690","targetHints":{"allow":["GET"]}}],"collection":[{"href":"https:\/\/pocencoffee.com\/de\/wp-json\/wp\/v2\/product"}],"about":[{"href":"https:\/\/pocencoffee.com\/de\/wp-json\/wp\/v2\/types\/product"}],"version-history":[{"count":1,"href":"https:\/\/pocencoffee.com\/de\/wp-json\/wp\/v2\/product\/2690\/revisions"}],"predecessor-version":[{"id":2695,"href":"https:\/\/pocencoffee.com\/de\/wp-json\/wp\/v2\/product\/2690\/revisions\/2695"}],"wp:featuredmedia":[{"embeddable":true,"href":"https:\/\/pocencoffee.com\/de\/wp-json\/wp\/v2\/media\/2694"}],"wp:attachment":[{"href":"https:\/\/pocencoffee.com\/de\/wp-json\/wp\/v2\/media?parent=2690"}],"wp:term":[{"taxonomy":"product_brand","embeddable":true,"href":"https:\/\/pocencoffee.com\/de\/wp-json\/wp\/v2\/product_brand?post=2690"},{"taxonomy":"product_cat","embeddable":true,"href":"https:\/\/pocencoffee.com\/de\/wp-json\/wp\/v2\/product_cat?post=2690"},{"taxonomy":"product_tag","embeddable":true,"href":"https:\/\/pocencoffee.com\/de\/wp-json\/wp\/v2\/product_tag?post=2690"}],"curies":[{"name":"wp","href":"https:\/\/api.w.org\/{rel}","templated":true}]}}