{"id":2707,"date":"2024-04-26T08:14:56","date_gmt":"2024-04-26T15:14:56","guid":{"rendered":"https:\/\/pocencoffee.com\/?post_type=product&#038;p=2707"},"modified":"2024-04-26T08:14:56","modified_gmt":"2024-04-26T15:14:56","slug":"4-teiliger-schrager-becher-und-deckelhalter","status":"publish","type":"product","link":"https:\/\/pocencoffee.com\/de\/product\/4-teiliger-schrager-becher-und-deckelhalter\/","title":{"rendered":"4-teiliger, schr\u00e4ger Becher- und Deckelhalter"},"content":{"rendered":"<p><strong>4 Abschnitte der schr\u00e4gen Tassen- und Deckelorganisatoren<\/strong><\/p>\n<p>Dieser Tischorganisator mit 4 Abstellfl\u00e4chen f\u00fcr Becher und Deckel hilft Caf\u00e9s, Gesch\u00e4ften, Restaurants, Pausenr\u00e4umen von Unternehmen und Getr\u00e4nkem\u00e4rkten, ihre Arbeitsfl\u00e4chen ordentlich zu halten.<\/p>\n<p>Diese Becherhaltergr\u00f6\u00dfe passt gut auf die meisten Tischplatten.  Er ist also der Bestseller in der Kategorie Organizer.<\/p>\n<p><img fetchpriority=\"high\" decoding=\"async\" class=\"alignnone size-medium wp-image-2708\" src=\"https:\/\/pocencoffee.com\/wp-content\/uploads\/2024\/04\/CSA04-SIZE-300x300.jpg\" alt=\"\" width=\"300\" height=\"300\" title=\"\" srcset=\"https:\/\/pocencoffee.com\/wp-content\/uploads\/2024\/04\/CSA04-SIZE-300x300.jpg 300w, https:\/\/pocencoffee.com\/wp-content\/uploads\/2024\/04\/CSA04-SIZE-150x150.jpg 150w, https:\/\/pocencoffee.com\/wp-content\/uploads\/2024\/04\/CSA04-SIZE-100x100.jpg 100w, https:\/\/pocencoffee.com\/wp-content\/uploads\/2024\/04\/CSA04-SIZE.jpg 600w\" sizes=\"(max-width: 300px) 100vw, 300px\" \/><\/p>","protected":false},"excerpt":{"rendered":"<p>Getr\u00e4nkehalter f\u00fcr die Tischplatte und Organizer f\u00fcr Tassen und Deckel<\/p>\n<p>Material: ABS-Kunststoff.<\/p>\n<p>Gr\u00f6\u00dfe : 38.6\u00d729.5\u00d720 x 45cm<\/p>\n<p>Logo : im Siebdruckverfahren.<\/p>\n<p>Farbe: schwarz, rot, braun oder individuell.<\/p>","protected":false},"featured_media":2709,"template":"","meta":[],"product_brand":[],"product_cat":[28],"product_tag":[],"class_list":{"0":"post-2707","1":"product","2":"type-product","3":"status-publish","4":"has-post-thumbnail","6":"product_cat-more-tools","8":"first","9":"instock","10":"shipping-taxable","11":"product-type-simple"},"_links":{"self":[{"href":"https:\/\/pocencoffee.com\/de\/wp-json\/wp\/v2\/product\/2707","targetHints":{"allow":["GET"]}}],"collection":[{"href":"https:\/\/pocencoffee.com\/de\/wp-json\/wp\/v2\/product"}],"about":[{"href":"https:\/\/pocencoffee.com\/de\/wp-json\/wp\/v2\/types\/product"}],"version-history":[{"count":1,"href":"https:\/\/pocencoffee.com\/de\/wp-json\/wp\/v2\/product\/2707\/revisions"}],"predecessor-version":[{"id":2714,"href":"https:\/\/pocencoffee.com\/de\/wp-json\/wp\/v2\/product\/2707\/revisions\/2714"}],"wp:featuredmedia":[{"embeddable":true,"href":"https:\/\/pocencoffee.com\/de\/wp-json\/wp\/v2\/media\/2709"}],"wp:attachment":[{"href":"https:\/\/pocencoffee.com\/de\/wp-json\/wp\/v2\/media?parent=2707"}],"wp:term":[{"taxonomy":"product_brand","embeddable":true,"href":"https:\/\/pocencoffee.com\/de\/wp-json\/wp\/v2\/product_brand?post=2707"},{"taxonomy":"product_cat","embeddable":true,"href":"https:\/\/pocencoffee.com\/de\/wp-json\/wp\/v2\/product_cat?post=2707"},{"taxonomy":"product_tag","embeddable":true,"href":"https:\/\/pocencoffee.com\/de\/wp-json\/wp\/v2\/product_tag?post=2707"}],"curies":[{"name":"wp","href":"https:\/\/api.w.org\/{rel}","templated":true}]}}