{"id":2715,"date":"2024-04-26T08:18:45","date_gmt":"2024-04-26T15:18:45","guid":{"rendered":"https:\/\/pocencoffee.com\/?post_type=product&#038;p=2715"},"modified":"2024-04-26T08:22:29","modified_gmt":"2024-04-26T15:22:29","slug":"8-teiliger-tisch-becherhalter","status":"publish","type":"product","link":"https:\/\/pocencoffee.com\/de\/product\/8-teiliger-tisch-becherhalter\/","title":{"rendered":"8-teiliger Tisch-Becherhalter"},"content":{"rendered":"<p><strong>8-teiliger Becherhalter auf dem Tisch<\/strong><\/p>\n<p>Dieser Tischorganisator bietet 8 Pl\u00e4tze f\u00fcr Tassen und Deckel. .<\/p>\n<p>Er hilft Caf\u00e9s, Gesch\u00e4ften, Restaurants, Pausenr\u00e4umen von Unternehmen und Getr\u00e4nkem\u00e4rkten, ihre Arbeitsfl\u00e4chen sauber und ordentlich zu halten.<\/p>\n<p><img fetchpriority=\"high\" decoding=\"async\" class=\"alignnone size-medium wp-image-2716\" src=\"https:\/\/pocencoffee.com\/wp-content\/uploads\/2024\/04\/CSB08-cup-holder-300x300.jpg\" alt=\"\" width=\"300\" height=\"300\" title=\"\" srcset=\"https:\/\/pocencoffee.com\/wp-content\/uploads\/2024\/04\/CSB08-cup-holder-300x300.jpg 300w, https:\/\/pocencoffee.com\/wp-content\/uploads\/2024\/04\/CSB08-cup-holder-150x150.jpg 150w, https:\/\/pocencoffee.com\/wp-content\/uploads\/2024\/04\/CSB08-cup-holder-100x100.jpg 100w, https:\/\/pocencoffee.com\/wp-content\/uploads\/2024\/04\/CSB08-cup-holder.jpg 600w\" sizes=\"(max-width: 300px) 100vw, 300px\" \/><\/p>","protected":false},"excerpt":{"rendered":"<p>Arbeitsplatte Becherhalter<\/p>\n<p>Material: ABS-Kunststoff.<\/p>\n<p>Logo : im Siebdruckverfahren.<\/p>\n<p>Farbe: schwarz, rot, braun oder individuell.<\/p>","protected":false},"featured_media":2717,"template":"","meta":[],"product_brand":[],"product_cat":[28],"product_tag":[],"class_list":{"0":"post-2715","1":"product","2":"type-product","3":"status-publish","4":"has-post-thumbnail","6":"product_cat-more-tools","8":"first","9":"instock","10":"shipping-taxable","11":"product-type-simple"},"_links":{"self":[{"href":"https:\/\/pocencoffee.com\/de\/wp-json\/wp\/v2\/product\/2715","targetHints":{"allow":["GET"]}}],"collection":[{"href":"https:\/\/pocencoffee.com\/de\/wp-json\/wp\/v2\/product"}],"about":[{"href":"https:\/\/pocencoffee.com\/de\/wp-json\/wp\/v2\/types\/product"}],"version-history":[{"count":1,"href":"https:\/\/pocencoffee.com\/de\/wp-json\/wp\/v2\/product\/2715\/revisions"}],"predecessor-version":[{"id":2718,"href":"https:\/\/pocencoffee.com\/de\/wp-json\/wp\/v2\/product\/2715\/revisions\/2718"}],"wp:featuredmedia":[{"embeddable":true,"href":"https:\/\/pocencoffee.com\/de\/wp-json\/wp\/v2\/media\/2717"}],"wp:attachment":[{"href":"https:\/\/pocencoffee.com\/de\/wp-json\/wp\/v2\/media?parent=2715"}],"wp:term":[{"taxonomy":"product_brand","embeddable":true,"href":"https:\/\/pocencoffee.com\/de\/wp-json\/wp\/v2\/product_brand?post=2715"},{"taxonomy":"product_cat","embeddable":true,"href":"https:\/\/pocencoffee.com\/de\/wp-json\/wp\/v2\/product_cat?post=2715"},{"taxonomy":"product_tag","embeddable":true,"href":"https:\/\/pocencoffee.com\/de\/wp-json\/wp\/v2\/product_tag?post=2715"}],"curies":[{"name":"wp","href":"https:\/\/api.w.org\/{rel}","templated":true}]}}