{"id":2719,"date":"2024-04-26T08:25:37","date_gmt":"2024-04-26T15:25:37","guid":{"rendered":"https:\/\/pocencoffee.com\/?post_type=product&#038;p=2719"},"modified":"2024-04-26T08:40:51","modified_gmt":"2024-04-26T15:40:51","slug":"servietten-und-strohhalmablage-aus-plastik","status":"publish","type":"product","link":"https:\/\/pocencoffee.com\/de\/product\/servietten-und-strohhalmablage-aus-plastik\/","title":{"rendered":"Beh\u00e4lter f\u00fcr Plastikservietten und Strohhalme"},"content":{"rendered":"<p><strong>6-teiliger Servietten- und Strohhalmhalter aus Kunststoff<\/strong><\/p>\n<p>Dieser Tischorganisator ist mit 6 F\u00e4chern f\u00fcr Servietten und Strohhalme ausgestattet.<\/p>\n<p>Seine Gr\u00f6\u00dfe ist gut, um ihn an der Seite zu haben; und er sorgt daf\u00fcr, dass Ihre Bar sauber und organisiert aussieht.<\/p>\n<p><img fetchpriority=\"high\" decoding=\"async\" class=\"alignnone size-medium wp-image-2722\" src=\"https:\/\/pocencoffee.com\/wp-content\/uploads\/2024\/04\/CSE06-napkin-and-straw-caddy-300x300.jpg\" alt=\"\" width=\"300\" height=\"300\" title=\"\" srcset=\"https:\/\/pocencoffee.com\/wp-content\/uploads\/2024\/04\/CSE06-napkin-and-straw-caddy-300x300.jpg 300w, https:\/\/pocencoffee.com\/wp-content\/uploads\/2024\/04\/CSE06-napkin-and-straw-caddy-150x150.jpg 150w, https:\/\/pocencoffee.com\/wp-content\/uploads\/2024\/04\/CSE06-napkin-and-straw-caddy-100x100.jpg 100w, https:\/\/pocencoffee.com\/wp-content\/uploads\/2024\/04\/CSE06-napkin-and-straw-caddy.jpg 600w\" sizes=\"(max-width: 300px) 100vw, 300px\" \/><\/p>","protected":false},"excerpt":{"rendered":"<p><strong>Servietten- und Strohhalmablage\u00a0<\/strong><\/p>\n<p>Material: ABS-Kunststoff.<\/p>\n<p>Logo : im Siebdruckverfahren.<\/p>\n<p>Farbe: schwarz, rot, braun oder individuell.<\/p>","protected":false},"featured_media":2720,"template":"","meta":[],"product_brand":[],"product_cat":[28],"product_tag":[],"class_list":{"0":"post-2719","1":"product","2":"type-product","3":"status-publish","4":"has-post-thumbnail","6":"product_cat-more-tools","8":"first","9":"instock","10":"shipping-taxable","11":"product-type-simple"},"_links":{"self":[{"href":"https:\/\/pocencoffee.com\/de\/wp-json\/wp\/v2\/product\/2719","targetHints":{"allow":["GET"]}}],"collection":[{"href":"https:\/\/pocencoffee.com\/de\/wp-json\/wp\/v2\/product"}],"about":[{"href":"https:\/\/pocencoffee.com\/de\/wp-json\/wp\/v2\/types\/product"}],"version-history":[{"count":2,"href":"https:\/\/pocencoffee.com\/de\/wp-json\/wp\/v2\/product\/2719\/revisions"}],"predecessor-version":[{"id":2724,"href":"https:\/\/pocencoffee.com\/de\/wp-json\/wp\/v2\/product\/2719\/revisions\/2724"}],"wp:featuredmedia":[{"embeddable":true,"href":"https:\/\/pocencoffee.com\/de\/wp-json\/wp\/v2\/media\/2720"}],"wp:attachment":[{"href":"https:\/\/pocencoffee.com\/de\/wp-json\/wp\/v2\/media?parent=2719"}],"wp:term":[{"taxonomy":"product_brand","embeddable":true,"href":"https:\/\/pocencoffee.com\/de\/wp-json\/wp\/v2\/product_brand?post=2719"},{"taxonomy":"product_cat","embeddable":true,"href":"https:\/\/pocencoffee.com\/de\/wp-json\/wp\/v2\/product_cat?post=2719"},{"taxonomy":"product_tag","embeddable":true,"href":"https:\/\/pocencoffee.com\/de\/wp-json\/wp\/v2\/product_tag?post=2719"}],"curies":[{"name":"wp","href":"https:\/\/api.w.org\/{rel}","templated":true}]}}