{"id":2725,"date":"2024-04-26T22:07:51","date_gmt":"2024-04-27T05:07:51","guid":{"rendered":"https:\/\/pocencoffee.com\/?post_type=product&#038;p=2725"},"modified":"2024-04-26T22:13:16","modified_gmt":"2024-04-27T05:13:16","slug":"pappbecherhalter-fur-arbeitsplatte-oder-bar","status":"publish","type":"product","link":"https:\/\/pocencoffee.com\/de\/product\/pappbecherhalter-fur-arbeitsplatte-oder-bar\/","title":{"rendered":"Papierbecherhalter f\u00fcr Arbeitsplatten oder Bartische"},"content":{"rendered":"<p><strong>Papierbecherhalter f\u00fcr Arbeitsplatten oder Bartische<\/strong><\/p>\n<p>Dieser Tischorganisator ist mit 4 F\u00e4chern zur Aufnahme von Pappbechern ausgestattet.<\/p>\n<p>Seine Gr\u00f6\u00dfe ist gut, um ihn an der Seite zu haben; und er sorgt daf\u00fcr, dass Ihre Bar sauber und organisiert aussieht.<\/p>\n<p><img fetchpriority=\"high\" decoding=\"async\" class=\"alignnone size-medium wp-image-2730\" src=\"https:\/\/pocencoffee.com\/wp-content\/uploads\/2024\/04\/CSC04-size-300x300.jpg\" alt=\"\" width=\"300\" height=\"300\" title=\"\" srcset=\"https:\/\/pocencoffee.com\/wp-content\/uploads\/2024\/04\/CSC04-size-300x300.jpg 300w, https:\/\/pocencoffee.com\/wp-content\/uploads\/2024\/04\/CSC04-size-150x150.jpg 150w, https:\/\/pocencoffee.com\/wp-content\/uploads\/2024\/04\/CSC04-size-100x100.jpg 100w, https:\/\/pocencoffee.com\/wp-content\/uploads\/2024\/04\/CSC04-size.jpg 600w\" sizes=\"(max-width: 300px) 100vw, 300px\" \/><\/p>","protected":false},"excerpt":{"rendered":"<p><strong>bar tabletop organiser becherhalter<\/strong><\/p>\n<p>Material: ABS-Kunststoff.<\/p>\n<p>Logo : im Siebdruckverfahren.<\/p>\n<p>Farbe: schwarz, rot, braun oder individuell.<\/p>","protected":false},"featured_media":2726,"template":"","meta":[],"product_brand":[],"product_cat":[28],"product_tag":[],"class_list":{"0":"post-2725","1":"product","2":"type-product","3":"status-publish","4":"has-post-thumbnail","6":"product_cat-more-tools","8":"first","9":"instock","10":"shipping-taxable","11":"product-type-simple"},"_links":{"self":[{"href":"https:\/\/pocencoffee.com\/de\/wp-json\/wp\/v2\/product\/2725","targetHints":{"allow":["GET"]}}],"collection":[{"href":"https:\/\/pocencoffee.com\/de\/wp-json\/wp\/v2\/product"}],"about":[{"href":"https:\/\/pocencoffee.com\/de\/wp-json\/wp\/v2\/types\/product"}],"version-history":[{"count":1,"href":"https:\/\/pocencoffee.com\/de\/wp-json\/wp\/v2\/product\/2725\/revisions"}],"predecessor-version":[{"id":2731,"href":"https:\/\/pocencoffee.com\/de\/wp-json\/wp\/v2\/product\/2725\/revisions\/2731"}],"wp:featuredmedia":[{"embeddable":true,"href":"https:\/\/pocencoffee.com\/de\/wp-json\/wp\/v2\/media\/2726"}],"wp:attachment":[{"href":"https:\/\/pocencoffee.com\/de\/wp-json\/wp\/v2\/media?parent=2725"}],"wp:term":[{"taxonomy":"product_brand","embeddable":true,"href":"https:\/\/pocencoffee.com\/de\/wp-json\/wp\/v2\/product_brand?post=2725"},{"taxonomy":"product_cat","embeddable":true,"href":"https:\/\/pocencoffee.com\/de\/wp-json\/wp\/v2\/product_cat?post=2725"},{"taxonomy":"product_tag","embeddable":true,"href":"https:\/\/pocencoffee.com\/de\/wp-json\/wp\/v2\/product_tag?post=2725"}],"curies":[{"name":"wp","href":"https:\/\/api.w.org\/{rel}","templated":true}]}}