{"id":2747,"date":"2024-04-28T06:01:38","date_gmt":"2024-04-28T13:01:38","guid":{"rendered":"https:\/\/pocencoffee.com\/?post_type=product&#038;p=2747"},"modified":"2024-04-28T06:01:38","modified_gmt":"2024-04-28T13:01:38","slug":"fabrik-direkt-bar-tisch-tasse-spuler","status":"publish","type":"product","link":"https:\/\/pocencoffee.com\/de\/product\/fabrik-direkt-bar-tisch-tasse-spuler\/","title":{"rendered":"Fabrikdirektverkauf: Gl\u00e4sersp\u00fclmaschine f\u00fcr Bartische"},"content":{"rendered":"<p><strong>Fabrikdirektverkauf: Gl\u00e4sersp\u00fclmaschine f\u00fcr Bartische<\/strong><\/p>\n<p>Dieser Tragegurt hat 3 Gr\u00f6\u00dfen. Klein, Mittel, Gro\u00df.<\/p>\n<p>Die Gr\u00f6\u00dfe Medium ist der Verkaufsschlager. Wenn Sie ein Importeur sind, sollten Sie sich diese Gr\u00f6\u00dfe nicht entgehen lassen.<\/p>\n<p>Die Farbe der Sp\u00fclung und die Filterl\u00f6cher der Sp\u00fclung k\u00f6nnen individuell angepasst werden.<\/p>\n<p>Kontaktieren Sie uns f\u00fcr weitere Gespr\u00e4che.<\/p>\n<p><img fetchpriority=\"high\" decoding=\"async\" class=\"alignnone size-medium wp-image-2753\" src=\"https:\/\/pocencoffee.com\/wp-content\/uploads\/2024\/04\/Rinsers-packaging-300x300.jpg\" alt=\"\" width=\"300\" height=\"300\" title=\"\" srcset=\"https:\/\/pocencoffee.com\/wp-content\/uploads\/2024\/04\/Rinsers-packaging-300x300.jpg 300w, https:\/\/pocencoffee.com\/wp-content\/uploads\/2024\/04\/Rinsers-packaging-150x150.jpg 150w, https:\/\/pocencoffee.com\/wp-content\/uploads\/2024\/04\/Rinsers-packaging-100x100.jpg 100w, https:\/\/pocencoffee.com\/wp-content\/uploads\/2024\/04\/Rinsers-packaging.jpg 600w\" sizes=\"(max-width: 300px) 100vw, 300px\" \/><\/p>","protected":false},"excerpt":{"rendered":"<p><strong>Tassensp\u00fcler, Tassensp\u00fcle.<\/strong><\/p>\n<p>Material: Edelstahl, Kunststoff.<\/p>\n<p>Rohr : 2*Rohr, 1\/2 Durchmesser.<\/p>\n<p>Logo : per Laser.<\/p>\n<p>Farbe: Edelstahl natur oder kundenspezifische Farbe.<\/p>","protected":false},"featured_media":2748,"template":"","meta":[],"product_brand":[],"product_cat":[28],"product_tag":[],"class_list":{"0":"post-2747","1":"product","2":"type-product","3":"status-publish","4":"has-post-thumbnail","6":"product_cat-more-tools","8":"first","9":"instock","10":"shipping-taxable","11":"product-type-simple"},"_links":{"self":[{"href":"https:\/\/pocencoffee.com\/de\/wp-json\/wp\/v2\/product\/2747","targetHints":{"allow":["GET"]}}],"collection":[{"href":"https:\/\/pocencoffee.com\/de\/wp-json\/wp\/v2\/product"}],"about":[{"href":"https:\/\/pocencoffee.com\/de\/wp-json\/wp\/v2\/types\/product"}],"version-history":[{"count":1,"href":"https:\/\/pocencoffee.com\/de\/wp-json\/wp\/v2\/product\/2747\/revisions"}],"predecessor-version":[{"id":2754,"href":"https:\/\/pocencoffee.com\/de\/wp-json\/wp\/v2\/product\/2747\/revisions\/2754"}],"wp:featuredmedia":[{"embeddable":true,"href":"https:\/\/pocencoffee.com\/de\/wp-json\/wp\/v2\/media\/2748"}],"wp:attachment":[{"href":"https:\/\/pocencoffee.com\/de\/wp-json\/wp\/v2\/media?parent=2747"}],"wp:term":[{"taxonomy":"product_brand","embeddable":true,"href":"https:\/\/pocencoffee.com\/de\/wp-json\/wp\/v2\/product_brand?post=2747"},{"taxonomy":"product_cat","embeddable":true,"href":"https:\/\/pocencoffee.com\/de\/wp-json\/wp\/v2\/product_cat?post=2747"},{"taxonomy":"product_tag","embeddable":true,"href":"https:\/\/pocencoffee.com\/de\/wp-json\/wp\/v2\/product_tag?post=2747"}],"curies":[{"name":"wp","href":"https:\/\/api.w.org\/{rel}","templated":true}]}}