{"id":2755,"date":"2024-04-28T06:02:04","date_gmt":"2024-04-28T13:02:04","guid":{"rendered":"https:\/\/pocencoffee.com\/?post_type=product&#038;p=2755"},"modified":"2024-04-28T06:09:00","modified_gmt":"2024-04-28T13:09:00","slug":"spule-und-spulbecken-aus-edelstahl","status":"publish","type":"product","link":"https:\/\/pocencoffee.com\/de\/product\/spule-und-spulbecken-aus-edelstahl\/","title":{"rendered":"Sp\u00fcle und Sp\u00fclbecken aus Edelstahl"},"content":{"rendered":"<p><strong>Sp\u00fclmaschine und Sp\u00fclbecken in der K\u00fcche<\/strong><\/p>\n<p>Die Farbe der Sp\u00fclung und die Filterl\u00f6cher der Sp\u00fclung k\u00f6nnen individuell angepasst werden.<\/p>\n<p>Kontaktieren Sie uns f\u00fcr weitere Gespr\u00e4che.<\/p>\n<p><img fetchpriority=\"high\" decoding=\"async\" class=\"alignnone size-medium wp-image-2756\" src=\"https:\/\/pocencoffee.com\/wp-content\/uploads\/2024\/04\/CPC01-300x224.jpg\" alt=\"\" width=\"300\" height=\"224\" title=\"\" srcset=\"https:\/\/pocencoffee.com\/wp-content\/uploads\/2024\/04\/CPC01-300x224.jpg 300w, https:\/\/pocencoffee.com\/wp-content\/uploads\/2024\/04\/CPC01-768x573.jpg 768w, https:\/\/pocencoffee.com\/wp-content\/uploads\/2024\/04\/CPC01-600x448.jpg 600w, https:\/\/pocencoffee.com\/wp-content\/uploads\/2024\/04\/CPC01.jpg 918w\" sizes=\"(max-width: 300px) 100vw, 300px\" \/><\/p>","protected":false},"excerpt":{"rendered":"<p><strong>Sp\u00fcle und Sp\u00fclbecken<\/strong><\/p>\n<p>Material: Edelstahl, Kunststoff.<\/p>\n<p>Pfeife : 1*Pfeife, 1\/2 Durchmesser.<\/p>\n<p>Logo : per Laser.<\/p>\n<p>Farbe: Edelstahl natur oder kundenspezifische Farbe.<\/p>","protected":false},"featured_media":2757,"template":"","meta":[],"product_brand":[],"product_cat":[28],"product_tag":[],"class_list":{"0":"post-2755","1":"product","2":"type-product","3":"status-publish","4":"has-post-thumbnail","6":"product_cat-more-tools","8":"first","9":"instock","10":"shipping-taxable","11":"product-type-simple"},"_links":{"self":[{"href":"https:\/\/pocencoffee.com\/de\/wp-json\/wp\/v2\/product\/2755","targetHints":{"allow":["GET"]}}],"collection":[{"href":"https:\/\/pocencoffee.com\/de\/wp-json\/wp\/v2\/product"}],"about":[{"href":"https:\/\/pocencoffee.com\/de\/wp-json\/wp\/v2\/types\/product"}],"version-history":[{"count":1,"href":"https:\/\/pocencoffee.com\/de\/wp-json\/wp\/v2\/product\/2755\/revisions"}],"predecessor-version":[{"id":2759,"href":"https:\/\/pocencoffee.com\/de\/wp-json\/wp\/v2\/product\/2755\/revisions\/2759"}],"wp:featuredmedia":[{"embeddable":true,"href":"https:\/\/pocencoffee.com\/de\/wp-json\/wp\/v2\/media\/2757"}],"wp:attachment":[{"href":"https:\/\/pocencoffee.com\/de\/wp-json\/wp\/v2\/media?parent=2755"}],"wp:term":[{"taxonomy":"product_brand","embeddable":true,"href":"https:\/\/pocencoffee.com\/de\/wp-json\/wp\/v2\/product_brand?post=2755"},{"taxonomy":"product_cat","embeddable":true,"href":"https:\/\/pocencoffee.com\/de\/wp-json\/wp\/v2\/product_cat?post=2755"},{"taxonomy":"product_tag","embeddable":true,"href":"https:\/\/pocencoffee.com\/de\/wp-json\/wp\/v2\/product_tag?post=2755"}],"curies":[{"name":"wp","href":"https:\/\/api.w.org\/{rel}","templated":true}]}}