{"id":2781,"date":"2024-04-28T07:00:56","date_gmt":"2024-04-28T14:00:56","guid":{"rendered":"https:\/\/pocencoffee.com\/?post_type=product&#038;p=2781"},"modified":"2024-04-28T07:00:56","modified_gmt":"2024-04-28T14:00:56","slug":"2-in-1-reinigungsburste-fur-espressomaschinen","status":"publish","type":"product","link":"https:\/\/pocencoffee.com\/de\/product\/2-in-1-reinigungsburste-fur-espressomaschinen\/","title":{"rendered":"2-in-1-Reinigungsb\u00fcrste f\u00fcr Espressomaschinen"},"content":{"rendered":"<p><strong>2-in-1-Reinigungsb\u00fcrste f\u00fcr Espressomaschinen<\/strong><\/p>\n<p>Es gibt zwei Arten von Reinigungsb\u00fcrstenk\u00f6pfen. Diese bieten optimale Unterst\u00fctzung bei der Reinigung verschiedener Winkel der Espressomaschine.<\/p>\n<p>Es kann in einem Set mit einem 51-mm- oder 58-mm-Reinigungskopf verpackt werden.<\/p>\n<p><img fetchpriority=\"high\" decoding=\"async\" class=\"alignnone size-medium wp-image-2784\" src=\"https:\/\/pocencoffee.com\/wp-content\/uploads\/2024\/04\/Brush-B-packaging-300x300.jpg\" alt=\"\" width=\"300\" height=\"300\" title=\"\" srcset=\"https:\/\/pocencoffee.com\/wp-content\/uploads\/2024\/04\/Brush-B-packaging-300x300.jpg 300w, https:\/\/pocencoffee.com\/wp-content\/uploads\/2024\/04\/Brush-B-packaging-150x150.jpg 150w, https:\/\/pocencoffee.com\/wp-content\/uploads\/2024\/04\/Brush-B-packaging-100x100.jpg 100w, https:\/\/pocencoffee.com\/wp-content\/uploads\/2024\/04\/Brush-B-packaging.jpg 600w\" sizes=\"(max-width: 300px) 100vw, 300px\" \/><\/p>","protected":false},"excerpt":{"rendered":"<p>Reinigungsb\u00fcrste f\u00fcr Kaffeemaschine<\/p>\n<p>Material: Kunststoffgriff, Nylonb\u00fcrsten.<\/p>\n<p>Verpackung: 1 St\u00fcck\/Beutel;<\/p>\n<p>Farbe: wie auf dem Bild dargestellt.<\/p>\n<p>Logo: Wei\u00dfer Siebdruck.<\/p>","protected":false},"featured_media":2782,"template":"","meta":[],"product_brand":[],"product_cat":[28],"product_tag":[],"class_list":{"0":"post-2781","1":"product","2":"type-product","3":"status-publish","4":"has-post-thumbnail","6":"product_cat-more-tools","8":"first","9":"instock","10":"shipping-taxable","11":"product-type-simple"},"_links":{"self":[{"href":"https:\/\/pocencoffee.com\/de\/wp-json\/wp\/v2\/product\/2781","targetHints":{"allow":["GET"]}}],"collection":[{"href":"https:\/\/pocencoffee.com\/de\/wp-json\/wp\/v2\/product"}],"about":[{"href":"https:\/\/pocencoffee.com\/de\/wp-json\/wp\/v2\/types\/product"}],"version-history":[{"count":1,"href":"https:\/\/pocencoffee.com\/de\/wp-json\/wp\/v2\/product\/2781\/revisions"}],"predecessor-version":[{"id":2785,"href":"https:\/\/pocencoffee.com\/de\/wp-json\/wp\/v2\/product\/2781\/revisions\/2785"}],"wp:featuredmedia":[{"embeddable":true,"href":"https:\/\/pocencoffee.com\/de\/wp-json\/wp\/v2\/media\/2782"}],"wp:attachment":[{"href":"https:\/\/pocencoffee.com\/de\/wp-json\/wp\/v2\/media?parent=2781"}],"wp:term":[{"taxonomy":"product_brand","embeddable":true,"href":"https:\/\/pocencoffee.com\/de\/wp-json\/wp\/v2\/product_brand?post=2781"},{"taxonomy":"product_cat","embeddable":true,"href":"https:\/\/pocencoffee.com\/de\/wp-json\/wp\/v2\/product_cat?post=2781"},{"taxonomy":"product_tag","embeddable":true,"href":"https:\/\/pocencoffee.com\/de\/wp-json\/wp\/v2\/product_tag?post=2781"}],"curies":[{"name":"wp","href":"https:\/\/api.w.org\/{rel}","templated":true}]}}