{"id":2786,"date":"2024-04-28T07:01:17","date_gmt":"2024-04-28T14:01:17","guid":{"rendered":"https:\/\/pocencoffee.com\/?post_type=product&#038;p=2786"},"modified":"2024-04-28T07:07:02","modified_gmt":"2024-04-28T14:07:02","slug":"51-mm-und-58-mm-kaffee-reinigungskopf","status":"publish","type":"product","link":"https:\/\/pocencoffee.com\/de\/product\/51-mm-und-58-mm-kaffee-reinigungskopf\/","title":{"rendered":"51 mm und 58 mm Kaffee-Reinigungskopf"},"content":{"rendered":"<p><strong>51 mm und 58 mm Kaffee-Reinigungskopf<\/strong><\/p>\n<p>Der 51-mm-Reinigungsb\u00fcrstenkopf passt f\u00fcr 51-53-mm-Portfilter, und der 57-mm-Reinigungsb\u00fcrstenkopf passt f\u00fcr 58-mm-Portfilter.<\/p>\n<p>Es k\u00f6nnte in einem Set mit einer 2-in-1-Reinigungsb\u00fcrste verpackt sein.<\/p>\n<p><img fetchpriority=\"high\" decoding=\"async\" class=\"alignnone size-medium wp-image-2784\" src=\"https:\/\/pocencoffee.com\/wp-content\/uploads\/2024\/04\/Brush-B-packaging-300x300.jpg\" alt=\"\" width=\"300\" height=\"300\" title=\"\" srcset=\"https:\/\/pocencoffee.com\/wp-content\/uploads\/2024\/04\/Brush-B-packaging-300x300.jpg 300w, https:\/\/pocencoffee.com\/wp-content\/uploads\/2024\/04\/Brush-B-packaging-150x150.jpg 150w, https:\/\/pocencoffee.com\/wp-content\/uploads\/2024\/04\/Brush-B-packaging-100x100.jpg 100w, https:\/\/pocencoffee.com\/wp-content\/uploads\/2024\/04\/Brush-B-packaging.jpg 600w\" sizes=\"(max-width: 300px) 100vw, 300px\" \/><\/p>","protected":false},"excerpt":{"rendered":"<p>Kaffee sauberer Kopf<\/p>\n<p>Material: Kunststoffgriff, Nylonb\u00fcrsten.<\/p>\n<p>Verpackung: 1 St\u00fcck\/Beutel;<\/p>\n<p>Farbe: wie auf dem Bild.<\/p>\n<p>Logo: Wei\u00dfer Siebdruck.<\/p>","protected":false},"featured_media":2787,"template":"","meta":[],"product_brand":[],"product_cat":[28],"product_tag":[],"class_list":{"0":"post-2786","1":"product","2":"type-product","3":"status-publish","4":"has-post-thumbnail","6":"product_cat-more-tools","8":"first","9":"instock","10":"shipping-taxable","11":"product-type-simple"},"_links":{"self":[{"href":"https:\/\/pocencoffee.com\/de\/wp-json\/wp\/v2\/product\/2786","targetHints":{"allow":["GET"]}}],"collection":[{"href":"https:\/\/pocencoffee.com\/de\/wp-json\/wp\/v2\/product"}],"about":[{"href":"https:\/\/pocencoffee.com\/de\/wp-json\/wp\/v2\/types\/product"}],"version-history":[{"count":1,"href":"https:\/\/pocencoffee.com\/de\/wp-json\/wp\/v2\/product\/2786\/revisions"}],"predecessor-version":[{"id":2788,"href":"https:\/\/pocencoffee.com\/de\/wp-json\/wp\/v2\/product\/2786\/revisions\/2788"}],"wp:featuredmedia":[{"embeddable":true,"href":"https:\/\/pocencoffee.com\/de\/wp-json\/wp\/v2\/media\/2787"}],"wp:attachment":[{"href":"https:\/\/pocencoffee.com\/de\/wp-json\/wp\/v2\/media?parent=2786"}],"wp:term":[{"taxonomy":"product_brand","embeddable":true,"href":"https:\/\/pocencoffee.com\/de\/wp-json\/wp\/v2\/product_brand?post=2786"},{"taxonomy":"product_cat","embeddable":true,"href":"https:\/\/pocencoffee.com\/de\/wp-json\/wp\/v2\/product_cat?post=2786"},{"taxonomy":"product_tag","embeddable":true,"href":"https:\/\/pocencoffee.com\/de\/wp-json\/wp\/v2\/product_tag?post=2786"}],"curies":[{"name":"wp","href":"https:\/\/api.w.org\/{rel}","templated":true}]}}