{"id":2794,"date":"2024-04-28T07:31:55","date_gmt":"2024-04-28T14:31:55","guid":{"rendered":"https:\/\/pocencoffee.com\/?post_type=product&#038;p=2794"},"modified":"2024-04-28T07:35:23","modified_gmt":"2024-04-28T14:35:23","slug":"gunstiger-preis-fur-kaffeemuhlenbursten","status":"publish","type":"product","link":"https:\/\/pocencoffee.com\/de\/product\/gunstiger-preis-fur-kaffeemuhlenbursten\/","title":{"rendered":"G\u00fcnstiger Preis f\u00fcr die B\u00fcrste der Kaffeem\u00fchle"},"content":{"rendered":"<p><strong>G\u00fcnstiger Preis f\u00fcr die B\u00fcrste der Kaffeem\u00fchle<\/strong><\/p>\n<p>Er kann f\u00fcr Espressomaschinen, Kaffeem\u00fchlen, manuelle Kaffeem\u00fchlen oder andere Kaffeeger\u00e4te verwendet werden.<\/p>\n<p>Er kann jeden Winkel der Espressomaschine reinigen.<\/p>\n<p><img fetchpriority=\"high\" decoding=\"async\" class=\"alignnone size-medium wp-image-2797\" src=\"https:\/\/pocencoffee.com\/wp-content\/uploads\/2024\/04\/Coffee-brush-G-300x300.jpg\" alt=\"\" width=\"300\" height=\"300\" title=\"\" srcset=\"https:\/\/pocencoffee.com\/wp-content\/uploads\/2024\/04\/Coffee-brush-G-300x300.jpg 300w, https:\/\/pocencoffee.com\/wp-content\/uploads\/2024\/04\/Coffee-brush-G-150x150.jpg 150w, https:\/\/pocencoffee.com\/wp-content\/uploads\/2024\/04\/Coffee-brush-G-100x100.jpg 100w, https:\/\/pocencoffee.com\/wp-content\/uploads\/2024\/04\/Coffee-brush-G.jpg 600w\" sizes=\"(max-width: 300px) 100vw, 300px\" \/><\/p>","protected":false},"excerpt":{"rendered":"<p><strong>B\u00fcrste f\u00fcr die Kaffeem\u00fchle<\/strong><\/p>\n<p>Material: Kunststoffgriff, Nylonb\u00fcrsten.<\/p>\n<p>Verpackung: 1 St\u00fcck\/Beutel;<\/p>\n<p>Farbe: wie auf dem Bild.<\/p>\n<p>Logo: Wei\u00dfer Siebdruck.<\/p>","protected":false},"featured_media":2795,"template":"","meta":[],"product_brand":[],"product_cat":[28],"product_tag":[],"class_list":{"0":"post-2794","1":"product","2":"type-product","3":"status-publish","4":"has-post-thumbnail","6":"product_cat-more-tools","8":"first","9":"instock","10":"shipping-taxable","11":"product-type-simple"},"_links":{"self":[{"href":"https:\/\/pocencoffee.com\/de\/wp-json\/wp\/v2\/product\/2794","targetHints":{"allow":["GET"]}}],"collection":[{"href":"https:\/\/pocencoffee.com\/de\/wp-json\/wp\/v2\/product"}],"about":[{"href":"https:\/\/pocencoffee.com\/de\/wp-json\/wp\/v2\/types\/product"}],"version-history":[{"count":1,"href":"https:\/\/pocencoffee.com\/de\/wp-json\/wp\/v2\/product\/2794\/revisions"}],"predecessor-version":[{"id":2798,"href":"https:\/\/pocencoffee.com\/de\/wp-json\/wp\/v2\/product\/2794\/revisions\/2798"}],"wp:featuredmedia":[{"embeddable":true,"href":"https:\/\/pocencoffee.com\/de\/wp-json\/wp\/v2\/media\/2795"}],"wp:attachment":[{"href":"https:\/\/pocencoffee.com\/de\/wp-json\/wp\/v2\/media?parent=2794"}],"wp:term":[{"taxonomy":"product_brand","embeddable":true,"href":"https:\/\/pocencoffee.com\/de\/wp-json\/wp\/v2\/product_brand?post=2794"},{"taxonomy":"product_cat","embeddable":true,"href":"https:\/\/pocencoffee.com\/de\/wp-json\/wp\/v2\/product_cat?post=2794"},{"taxonomy":"product_tag","embeddable":true,"href":"https:\/\/pocencoffee.com\/de\/wp-json\/wp\/v2\/product_tag?post=2794"}],"curies":[{"name":"wp","href":"https:\/\/api.w.org\/{rel}","templated":true}]}}