{"id":3036,"date":"2024-06-19T04:20:45","date_gmt":"2024-06-19T11:20:45","guid":{"rendered":"https:\/\/pocencoffee.com\/?post_type=product&#038;p=3036"},"modified":"2024-06-19T04:25:20","modified_gmt":"2024-06-19T11:25:20","slug":"doppelwandiger-kaffeebecher","status":"publish","type":"product","link":"https:\/\/pocencoffee.com\/de\/product\/doppelwandiger-kaffeebecher\/","title":{"rendered":"Doppelwandiger Kaffeebecher"},"content":{"rendered":"<p><strong>Doppelwandiger Kaffeebecher<\/strong><\/p>\n<p>Vakuumflaschen und Vakuumbecher geh\u00f6ren beide zur Kategorie Kaffeezubeh\u00f6r.<\/p>\n<p>Wir bieten Vakuumflaschen und Vakuumbecher an, die den Lebensmittelstandards entsprechen.<\/p>\n<p>Die Qualit\u00e4t entspricht streng dem LFGB , FDA, BPA-frei, BPA frei und EN12546-1.<\/p>\n<p>Kontaktieren Sie uns f\u00fcr eine klare Berichtspr\u00fcfung und eine vollst\u00e4ndige Produktliste.<\/p>\n<p><img fetchpriority=\"high\" decoding=\"async\" class=\"alignnone size-medium wp-image-3016\" src=\"https:\/\/pocencoffee.com\/wp-content\/uploads\/2024\/06\/BPA-Free-200x300.jpg\" alt=\"\" width=\"200\" height=\"300\" title=\"\" srcset=\"https:\/\/pocencoffee.com\/wp-content\/uploads\/2024\/06\/BPA-Free-200x300.jpg 200w, https:\/\/pocencoffee.com\/wp-content\/uploads\/2024\/06\/BPA-Free.jpg 400w\" sizes=\"(max-width: 200px) 100vw, 200px\" \/> <img decoding=\"async\" class=\"alignnone size-medium wp-image-3017\" src=\"https:\/\/pocencoffee.com\/wp-content\/uploads\/2024\/06\/FDA-200x300.jpg\" alt=\"\" width=\"200\" height=\"300\" title=\"\" srcset=\"https:\/\/pocencoffee.com\/wp-content\/uploads\/2024\/06\/FDA-200x300.jpg 200w, https:\/\/pocencoffee.com\/wp-content\/uploads\/2024\/06\/FDA.jpg 400w\" sizes=\"(max-width: 200px) 100vw, 200px\" \/> <img decoding=\"async\" class=\"alignnone size-medium wp-image-3018\" src=\"https:\/\/pocencoffee.com\/wp-content\/uploads\/2024\/06\/LFGB-200x300.jpg\" alt=\"\" width=\"200\" height=\"300\" title=\"\" srcset=\"https:\/\/pocencoffee.com\/wp-content\/uploads\/2024\/06\/LFGB-200x300.jpg 200w, https:\/\/pocencoffee.com\/wp-content\/uploads\/2024\/06\/LFGB.jpg 400w\" sizes=\"(max-width: 200px) 100vw, 200px\" \/><\/p>\n<div class=\"mceTemp\"><\/div>\n<p>&nbsp;<\/p>","protected":false},"excerpt":{"rendered":"<p>Material : 304S\/S innen, 201S\/S au\u00dfen.<\/p>\n<p>Farbe : angepasst.<\/p>\n<p>Logo : angepasst.<\/p>\n<p>Fassungsverm\u00f6gen : 120z ( 350ml)<\/p>","protected":false},"featured_media":3037,"template":"","meta":[],"product_brand":[],"product_cat":[28],"product_tag":[],"class_list":{"0":"post-3036","1":"product","2":"type-product","3":"status-publish","4":"has-post-thumbnail","6":"product_cat-more-tools","8":"first","9":"instock","10":"shipping-taxable","11":"product-type-simple"},"_links":{"self":[{"href":"https:\/\/pocencoffee.com\/de\/wp-json\/wp\/v2\/product\/3036","targetHints":{"allow":["GET"]}}],"collection":[{"href":"https:\/\/pocencoffee.com\/de\/wp-json\/wp\/v2\/product"}],"about":[{"href":"https:\/\/pocencoffee.com\/de\/wp-json\/wp\/v2\/types\/product"}],"version-history":[{"count":1,"href":"https:\/\/pocencoffee.com\/de\/wp-json\/wp\/v2\/product\/3036\/revisions"}],"predecessor-version":[{"id":3043,"href":"https:\/\/pocencoffee.com\/de\/wp-json\/wp\/v2\/product\/3036\/revisions\/3043"}],"wp:featuredmedia":[{"embeddable":true,"href":"https:\/\/pocencoffee.com\/de\/wp-json\/wp\/v2\/media\/3037"}],"wp:attachment":[{"href":"https:\/\/pocencoffee.com\/de\/wp-json\/wp\/v2\/media?parent=3036"}],"wp:term":[{"taxonomy":"product_brand","embeddable":true,"href":"https:\/\/pocencoffee.com\/de\/wp-json\/wp\/v2\/product_brand?post=3036"},{"taxonomy":"product_cat","embeddable":true,"href":"https:\/\/pocencoffee.com\/de\/wp-json\/wp\/v2\/product_cat?post=3036"},{"taxonomy":"product_tag","embeddable":true,"href":"https:\/\/pocencoffee.com\/de\/wp-json\/wp\/v2\/product_tag?post=3036"}],"curies":[{"name":"wp","href":"https:\/\/api.w.org\/{rel}","templated":true}]}}