{"id":1995,"date":"2024-03-27T01:26:28","date_gmt":"2024-03-27T08:26:28","guid":{"rendered":"https:\/\/pocencoffee.com\/?post_type=product&#038;p=1995"},"modified":"2024-03-28T07:55:36","modified_gmt":"2024-03-28T14:55:36","slug":"varios-disenos-barista-latte-art-jarra-espumadora-de-leche-de-acero-inoxidable","status":"publish","type":"product","link":"https:\/\/pocencoffee.com\/es\/product\/varios-disenos-barista-latte-art-jarra-espumadora-de-leche-de-acero-inoxidable\/","title":{"rendered":"Varios dise\u00f1os de jarras de acero inoxidable para espumar leche y crear dise\u00f1os art\u00edsticos en caf\u00e9 con leche."},"content":{"rendered":"<p>Material : Acero inoxidable 304 ;<\/p>\n<p>Grosor : 0,7 mm<\/p>\n<p>Opciones de capacidad disponibles : 100ml , 150ml , 250ml , 300ml , 350ml , 600ml , 900ml , 1500ml , 2000ml.<\/p>\n<p>Personalizaci\u00f3n: puede personalizar el logotipo, el color, el embalaje o desarrollar un nuevo producto seg\u00fan su dibujo.<\/p>","protected":false},"excerpt":{"rendered":"<p>Informe LFGB, informe FDA, informe material 304S\/S.<\/p>\n<p>OEM Y ODM.<\/p>","protected":false},"featured_media":1996,"template":"","meta":[],"product_brand":[],"product_cat":[22],"product_tag":[],"class_list":{"0":"post-1995","1":"product","2":"type-product","3":"status-publish","4":"has-post-thumbnail","6":"product_cat-milk-steaming-pitcher","8":"first","9":"instock","10":"shipping-taxable","11":"product-type-simple"},"_links":{"self":[{"href":"https:\/\/pocencoffee.com\/es\/wp-json\/wp\/v2\/product\/1995","targetHints":{"allow":["GET"]}}],"collection":[{"href":"https:\/\/pocencoffee.com\/es\/wp-json\/wp\/v2\/product"}],"about":[{"href":"https:\/\/pocencoffee.com\/es\/wp-json\/wp\/v2\/types\/product"}],"version-history":[{"count":2,"href":"https:\/\/pocencoffee.com\/es\/wp-json\/wp\/v2\/product\/1995\/revisions"}],"predecessor-version":[{"id":2119,"href":"https:\/\/pocencoffee.com\/es\/wp-json\/wp\/v2\/product\/1995\/revisions\/2119"}],"wp:featuredmedia":[{"embeddable":true,"href":"https:\/\/pocencoffee.com\/es\/wp-json\/wp\/v2\/media\/1996"}],"wp:attachment":[{"href":"https:\/\/pocencoffee.com\/es\/wp-json\/wp\/v2\/media?parent=1995"}],"wp:term":[{"taxonomy":"product_brand","embeddable":true,"href":"https:\/\/pocencoffee.com\/es\/wp-json\/wp\/v2\/product_brand?post=1995"},{"taxonomy":"product_cat","embeddable":true,"href":"https:\/\/pocencoffee.com\/es\/wp-json\/wp\/v2\/product_cat?post=1995"},{"taxonomy":"product_tag","embeddable":true,"href":"https:\/\/pocencoffee.com\/es\/wp-json\/wp\/v2\/product_tag?post=1995"}],"curies":[{"name":"wp","href":"https:\/\/api.w.org\/{rel}","templated":true}]}}