{"id":2223,"date":"2024-03-29T07:37:44","date_gmt":"2024-03-29T14:37:44","guid":{"rendered":"https:\/\/pocencoffee.com\/?post_type=product&#038;p=2223"},"modified":"2024-03-29T07:37:44","modified_gmt":"2024-03-29T14:37:44","slug":"italy-clasico-espumador-de-leche-de-acero-inoxidable-grueso","status":"publish","type":"product","link":"https:\/\/pocencoffee.com\/es\/product\/italy-clasico-espumador-de-leche-de-acero-inoxidable-grueso\/","title":{"rendered":"Jarra espumadora de leche cl\u00e1sica italiana de acero inoxidable grueso"},"content":{"rendered":"<p>Material: acero inoxidable 304S;<\/p>\n<p>Tama\u00f1o : 350ml \/ 450ml \/ 650ml \/ 950ml;<\/p>\n<p>Opci\u00f3n de personalizaci\u00f3n: personalizar el logotipo, las medidas, el color y el embalaje. .<\/p>\n<p>Caracter\u00edsticas: LFGB, FDA y certificados de pruebas de materiales. ;<\/p>","protected":false},"excerpt":{"rendered":"<p>Su dise\u00f1o de boca larga vertedora la convierte casi en la mejor elecci\u00f3n para cualquier aficionado al caf\u00e9.<\/p>","protected":false},"featured_media":2224,"template":"","meta":[],"product_brand":[],"product_cat":[22],"product_tag":[],"class_list":{"0":"post-2223","1":"product","2":"type-product","3":"status-publish","4":"has-post-thumbnail","6":"product_cat-milk-steaming-pitcher","8":"first","9":"instock","10":"shipping-taxable","11":"product-type-simple"},"_links":{"self":[{"href":"https:\/\/pocencoffee.com\/es\/wp-json\/wp\/v2\/product\/2223","targetHints":{"allow":["GET"]}}],"collection":[{"href":"https:\/\/pocencoffee.com\/es\/wp-json\/wp\/v2\/product"}],"about":[{"href":"https:\/\/pocencoffee.com\/es\/wp-json\/wp\/v2\/types\/product"}],"version-history":[{"count":2,"href":"https:\/\/pocencoffee.com\/es\/wp-json\/wp\/v2\/product\/2223\/revisions"}],"predecessor-version":[{"id":2229,"href":"https:\/\/pocencoffee.com\/es\/wp-json\/wp\/v2\/product\/2223\/revisions\/2229"}],"wp:featuredmedia":[{"embeddable":true,"href":"https:\/\/pocencoffee.com\/es\/wp-json\/wp\/v2\/media\/2224"}],"wp:attachment":[{"href":"https:\/\/pocencoffee.com\/es\/wp-json\/wp\/v2\/media?parent=2223"}],"wp:term":[{"taxonomy":"product_brand","embeddable":true,"href":"https:\/\/pocencoffee.com\/es\/wp-json\/wp\/v2\/product_brand?post=2223"},{"taxonomy":"product_cat","embeddable":true,"href":"https:\/\/pocencoffee.com\/es\/wp-json\/wp\/v2\/product_cat?post=2223"},{"taxonomy":"product_tag","embeddable":true,"href":"https:\/\/pocencoffee.com\/es\/wp-json\/wp\/v2\/product_tag?post=2223"}],"curies":[{"name":"wp","href":"https:\/\/api.w.org\/{rel}","templated":true}]}}