{"id":2301,"date":"2024-03-30T08:25:17","date_gmt":"2024-03-30T15:25:17","guid":{"rendered":"https:\/\/pocencoffee.com\/?post_type=product&#038;p=2301"},"modified":"2024-03-30T08:25:17","modified_gmt":"2024-03-30T15:25:17","slug":"herramientas-para-baristas-herramientas-de-distribucion-de-cafe","status":"publish","type":"product","link":"https:\/\/pocencoffee.com\/es\/product\/herramientas-para-baristas-herramientas-de-distribucion-de-cafe\/","title":{"rendered":"Herramientas para baristas Herramientas para la distribuci\u00f3n de caf\u00e9"},"content":{"rendered":"<p><strong>Herramientas para baristas, herramientas de distribuci\u00f3n de caf\u00e9<\/strong><\/p>\n<p>Material: base de caf\u00e9 de acero inoxidable macizo, mango de aluminio.<\/p>\n<p>Tama\u00f1o: 51 mm, 53 mm, 58 mm<\/p>\n<p>Opciones de personalizaci\u00f3n: color, logotipo, embalaje.<\/p>\n<p>Base: plana, roscada y personalizable.<\/p>","protected":false},"excerpt":{"rendered":"<p>Dise\u00f1o de mango liso f\u00e1brica de herramientas de distribuci\u00f3n de caf\u00e9 proporcionar servicios de OEM.<\/p>","protected":false},"featured_media":2302,"template":"","meta":[],"product_brand":[],"product_cat":[23],"product_tag":[],"class_list":{"0":"post-2301","1":"product","2":"type-product","3":"status-publish","4":"has-post-thumbnail","6":"product_cat-coffee-tamperscoffee-coffee-leveler","8":"first","9":"instock","10":"shipping-taxable","11":"product-type-simple"},"_links":{"self":[{"href":"https:\/\/pocencoffee.com\/es\/wp-json\/wp\/v2\/product\/2301","targetHints":{"allow":["GET"]}}],"collection":[{"href":"https:\/\/pocencoffee.com\/es\/wp-json\/wp\/v2\/product"}],"about":[{"href":"https:\/\/pocencoffee.com\/es\/wp-json\/wp\/v2\/types\/product"}],"version-history":[{"count":2,"href":"https:\/\/pocencoffee.com\/es\/wp-json\/wp\/v2\/product\/2301\/revisions"}],"predecessor-version":[{"id":2310,"href":"https:\/\/pocencoffee.com\/es\/wp-json\/wp\/v2\/product\/2301\/revisions\/2310"}],"wp:featuredmedia":[{"embeddable":true,"href":"https:\/\/pocencoffee.com\/es\/wp-json\/wp\/v2\/media\/2302"}],"wp:attachment":[{"href":"https:\/\/pocencoffee.com\/es\/wp-json\/wp\/v2\/media?parent=2301"}],"wp:term":[{"taxonomy":"product_brand","embeddable":true,"href":"https:\/\/pocencoffee.com\/es\/wp-json\/wp\/v2\/product_brand?post=2301"},{"taxonomy":"product_cat","embeddable":true,"href":"https:\/\/pocencoffee.com\/es\/wp-json\/wp\/v2\/product_cat?post=2301"},{"taxonomy":"product_tag","embeddable":true,"href":"https:\/\/pocencoffee.com\/es\/wp-json\/wp\/v2\/product_tag?post=2301"}],"curies":[{"name":"wp","href":"https:\/\/api.w.org\/{rel}","templated":true}]}}