{"id":2323,"date":"2024-03-30T09:01:40","date_gmt":"2024-03-30T16:01:40","guid":{"rendered":"https:\/\/pocencoffee.com\/?post_type=product&#038;p=2323"},"modified":"2024-03-30T09:01:40","modified_gmt":"2024-03-30T16:01:40","slug":"distribuidor-de-cafe-portafiltro","status":"publish","type":"product","link":"https:\/\/pocencoffee.com\/es\/product\/distribuidor-de-cafe-portafiltro\/","title":{"rendered":"Distribuidor de caf\u00e9 portafiltro"},"content":{"rendered":"<p><strong>Compresa de caf\u00e9 para distribuidor de caf\u00e9 portafilter<\/strong><\/p>\n<p>Material: base de caf\u00e9 de acero inoxidable macizo, mango de aluminio.<\/p>\n<p>Tama\u00f1o: 51 mm, 53 mm, 58 mm<\/p>\n<p>Opciones de personalizaci\u00f3n: color, logotipo, embalaje.<\/p>\n<p>Base: plana, roscada y personalizable.<\/p>","protected":false},"excerpt":{"rendered":"<p>El dise\u00f1o de cuatro hojas de este distribuidor de caf\u00e9 es perfecto para distribuir uniformemente el caf\u00e9 molido.<\/p>","protected":false},"featured_media":2324,"template":"","meta":[],"product_brand":[],"product_cat":[23],"product_tag":[],"class_list":{"0":"post-2323","1":"product","2":"type-product","3":"status-publish","4":"has-post-thumbnail","6":"product_cat-coffee-tamperscoffee-coffee-leveler","8":"first","9":"instock","10":"shipping-taxable","11":"product-type-simple"},"_links":{"self":[{"href":"https:\/\/pocencoffee.com\/es\/wp-json\/wp\/v2\/product\/2323","targetHints":{"allow":["GET"]}}],"collection":[{"href":"https:\/\/pocencoffee.com\/es\/wp-json\/wp\/v2\/product"}],"about":[{"href":"https:\/\/pocencoffee.com\/es\/wp-json\/wp\/v2\/types\/product"}],"version-history":[{"count":1,"href":"https:\/\/pocencoffee.com\/es\/wp-json\/wp\/v2\/product\/2323\/revisions"}],"predecessor-version":[{"id":2326,"href":"https:\/\/pocencoffee.com\/es\/wp-json\/wp\/v2\/product\/2323\/revisions\/2326"}],"wp:featuredmedia":[{"embeddable":true,"href":"https:\/\/pocencoffee.com\/es\/wp-json\/wp\/v2\/media\/2324"}],"wp:attachment":[{"href":"https:\/\/pocencoffee.com\/es\/wp-json\/wp\/v2\/media?parent=2323"}],"wp:term":[{"taxonomy":"product_brand","embeddable":true,"href":"https:\/\/pocencoffee.com\/es\/wp-json\/wp\/v2\/product_brand?post=2323"},{"taxonomy":"product_cat","embeddable":true,"href":"https:\/\/pocencoffee.com\/es\/wp-json\/wp\/v2\/product_cat?post=2323"},{"taxonomy":"product_tag","embeddable":true,"href":"https:\/\/pocencoffee.com\/es\/wp-json\/wp\/v2\/product_tag?post=2323"}],"curies":[{"name":"wp","href":"https:\/\/api.w.org\/{rel}","templated":true}]}}