{"id":2339,"date":"2024-03-31T00:33:09","date_gmt":"2024-03-31T07:33:09","guid":{"rendered":"https:\/\/pocencoffee.com\/?post_type=product&#038;p=2339"},"modified":"2024-03-31T00:33:09","modified_gmt":"2024-03-31T07:33:09","slug":"compresor-de-cafe-de-prensa-elastica","status":"publish","type":"product","link":"https:\/\/pocencoffee.com\/es\/product\/compresor-de-cafe-de-prensa-elastica\/","title":{"rendered":"Compresor el\u00e1stico para caf\u00e9"},"content":{"rendered":"<p><strong>Compresor el\u00e1stico para caf\u00e9<\/strong><\/p>\n<p>Material: base de caf\u00e9 de acero inoxidable macizo, mango de aluminio.<\/p>\n<p>Tama\u00f1o: 51 mm, 53 mm, 58 mm<\/p>\n<p>Opciones de personalizaci\u00f3n: color, logotipo, embalaje.<\/p>\n<p>Base: plana, roscada y personalizable.<\/p>","protected":false},"excerpt":{"rendered":"<p>Muelle interior para hacerlo el\u00e1stico. P\u00f3ngase en contacto con nosotros para personalizar su prensa de caf\u00e9 el\u00e1stica.<\/p>","protected":false},"featured_media":2340,"template":"","meta":[],"product_brand":[],"product_cat":[23],"product_tag":[],"class_list":{"0":"post-2339","1":"product","2":"type-product","3":"status-publish","4":"has-post-thumbnail","6":"product_cat-coffee-tamperscoffee-coffee-leveler","8":"first","9":"instock","10":"shipping-taxable","11":"product-type-simple"},"_links":{"self":[{"href":"https:\/\/pocencoffee.com\/es\/wp-json\/wp\/v2\/product\/2339","targetHints":{"allow":["GET"]}}],"collection":[{"href":"https:\/\/pocencoffee.com\/es\/wp-json\/wp\/v2\/product"}],"about":[{"href":"https:\/\/pocencoffee.com\/es\/wp-json\/wp\/v2\/types\/product"}],"version-history":[{"count":1,"href":"https:\/\/pocencoffee.com\/es\/wp-json\/wp\/v2\/product\/2339\/revisions"}],"predecessor-version":[{"id":2344,"href":"https:\/\/pocencoffee.com\/es\/wp-json\/wp\/v2\/product\/2339\/revisions\/2344"}],"wp:featuredmedia":[{"embeddable":true,"href":"https:\/\/pocencoffee.com\/es\/wp-json\/wp\/v2\/media\/2340"}],"wp:attachment":[{"href":"https:\/\/pocencoffee.com\/es\/wp-json\/wp\/v2\/media?parent=2339"}],"wp:term":[{"taxonomy":"product_brand","embeddable":true,"href":"https:\/\/pocencoffee.com\/es\/wp-json\/wp\/v2\/product_brand?post=2339"},{"taxonomy":"product_cat","embeddable":true,"href":"https:\/\/pocencoffee.com\/es\/wp-json\/wp\/v2\/product_cat?post=2339"},{"taxonomy":"product_tag","embeddable":true,"href":"https:\/\/pocencoffee.com\/es\/wp-json\/wp\/v2\/product_tag?post=2339"}],"curies":[{"name":"wp","href":"https:\/\/api.w.org\/{rel}","templated":true}]}}