{"id":2345,"date":"2024-03-31T00:49:39","date_gmt":"2024-03-31T07:49:39","guid":{"rendered":"https:\/\/pocencoffee.com\/?post_type=product&#038;p=2345"},"modified":"2024-03-31T00:49:39","modified_gmt":"2024-03-31T07:49:39","slug":"compresor-de-cafe-de-madera-oem","status":"publish","type":"product","link":"https:\/\/pocencoffee.com\/es\/product\/compresor-de-cafe-de-madera-oem\/","title":{"rendered":"Compresor de caf\u00e9 de madera OEM"},"content":{"rendered":"<p><strong>Compresor de caf\u00e9 de madera de buena calidad<\/strong><\/p>\n<p>Material: base de caf\u00e9 de acero inoxidable macizo, mango de aluminio.<\/p>\n<p>Tama\u00f1o: 51 mm, 53 mm, 58 mm<\/p>\n<p>Opciones de personalizaci\u00f3n: color, logotipo, embalaje.<\/p>\n<p>Base: plana, roscada y personalizable.<\/p>","protected":false},"excerpt":{"rendered":"<p>S\u00f3lida base de caf\u00e9 de acero inoxidable, est\u00e1ndar de calidad alimentaria, precio de f\u00e1brica, la misma calidad que la marca famosa.<\/p>","protected":false},"featured_media":2347,"template":"","meta":[],"product_brand":[],"product_cat":[23],"product_tag":[],"class_list":{"0":"post-2345","1":"product","2":"type-product","3":"status-publish","4":"has-post-thumbnail","6":"product_cat-coffee-tamperscoffee-coffee-leveler","8":"first","9":"instock","10":"shipping-taxable","11":"product-type-simple"},"_links":{"self":[{"href":"https:\/\/pocencoffee.com\/es\/wp-json\/wp\/v2\/product\/2345","targetHints":{"allow":["GET"]}}],"collection":[{"href":"https:\/\/pocencoffee.com\/es\/wp-json\/wp\/v2\/product"}],"about":[{"href":"https:\/\/pocencoffee.com\/es\/wp-json\/wp\/v2\/types\/product"}],"version-history":[{"count":1,"href":"https:\/\/pocencoffee.com\/es\/wp-json\/wp\/v2\/product\/2345\/revisions"}],"predecessor-version":[{"id":2350,"href":"https:\/\/pocencoffee.com\/es\/wp-json\/wp\/v2\/product\/2345\/revisions\/2350"}],"wp:featuredmedia":[{"embeddable":true,"href":"https:\/\/pocencoffee.com\/es\/wp-json\/wp\/v2\/media\/2347"}],"wp:attachment":[{"href":"https:\/\/pocencoffee.com\/es\/wp-json\/wp\/v2\/media?parent=2345"}],"wp:term":[{"taxonomy":"product_brand","embeddable":true,"href":"https:\/\/pocencoffee.com\/es\/wp-json\/wp\/v2\/product_brand?post=2345"},{"taxonomy":"product_cat","embeddable":true,"href":"https:\/\/pocencoffee.com\/es\/wp-json\/wp\/v2\/product_cat?post=2345"},{"taxonomy":"product_tag","embeddable":true,"href":"https:\/\/pocencoffee.com\/es\/wp-json\/wp\/v2\/product_tag?post=2345"}],"curies":[{"name":"wp","href":"https:\/\/api.w.org\/{rel}","templated":true}]}}