{"id":2355,"date":"2024-03-31T01:01:36","date_gmt":"2024-03-31T08:01:36","guid":{"rendered":"https:\/\/pocencoffee.com\/?post_type=product&#038;p=2355"},"modified":"2024-03-31T01:01:36","modified_gmt":"2024-03-31T08:01:36","slug":"aguja-de-distribucion-de-cafe","status":"publish","type":"product","link":"https:\/\/pocencoffee.com\/es\/product\/aguja-de-distribucion-de-cafe\/","title":{"rendered":"Aguja de distribuci\u00f3n de caf\u00e9"},"content":{"rendered":"<p><strong>Aguja de distribuci\u00f3n de caf\u00e9<\/strong><\/p>\n<p>Material : aguja de acero inoxidable, mango y soporte de aluminio.<\/p>\n<p>Tama\u00f1o: 6 agujas u 8 agujas.<\/p>\n<p>Opciones de personalizaci\u00f3n: color, logotipo, embalaje.<\/p>","protected":false},"excerpt":{"rendered":"<p>Es un tipo de aguja fina, con 6 agujas u 8 agujas para su elecci\u00f3n, as\u00ed como la personalizaci\u00f3n de las cantidades de agujas.<\/p>","protected":false},"featured_media":2356,"template":"","meta":[],"product_brand":[],"product_cat":[23],"product_tag":[],"class_list":{"0":"post-2355","1":"product","2":"type-product","3":"status-publish","4":"has-post-thumbnail","6":"product_cat-coffee-tamperscoffee-coffee-leveler","8":"first","9":"instock","10":"shipping-taxable","11":"product-type-simple"},"_links":{"self":[{"href":"https:\/\/pocencoffee.com\/es\/wp-json\/wp\/v2\/product\/2355","targetHints":{"allow":["GET"]}}],"collection":[{"href":"https:\/\/pocencoffee.com\/es\/wp-json\/wp\/v2\/product"}],"about":[{"href":"https:\/\/pocencoffee.com\/es\/wp-json\/wp\/v2\/types\/product"}],"version-history":[{"count":1,"href":"https:\/\/pocencoffee.com\/es\/wp-json\/wp\/v2\/product\/2355\/revisions"}],"predecessor-version":[{"id":2360,"href":"https:\/\/pocencoffee.com\/es\/wp-json\/wp\/v2\/product\/2355\/revisions\/2360"}],"wp:featuredmedia":[{"embeddable":true,"href":"https:\/\/pocencoffee.com\/es\/wp-json\/wp\/v2\/media\/2356"}],"wp:attachment":[{"href":"https:\/\/pocencoffee.com\/es\/wp-json\/wp\/v2\/media?parent=2355"}],"wp:term":[{"taxonomy":"product_brand","embeddable":true,"href":"https:\/\/pocencoffee.com\/es\/wp-json\/wp\/v2\/product_brand?post=2355"},{"taxonomy":"product_cat","embeddable":true,"href":"https:\/\/pocencoffee.com\/es\/wp-json\/wp\/v2\/product_cat?post=2355"},{"taxonomy":"product_tag","embeddable":true,"href":"https:\/\/pocencoffee.com\/es\/wp-json\/wp\/v2\/product_tag?post=2355"}],"curies":[{"name":"wp","href":"https:\/\/api.w.org\/{rel}","templated":true}]}}