{"id":2366,"date":"2024-03-31T01:22:52","date_gmt":"2024-03-31T08:22:52","guid":{"rendered":"https:\/\/pocencoffee.com\/?post_type=product&#038;p=2366"},"modified":"2024-03-31T01:22:52","modified_gmt":"2024-03-31T08:22:52","slug":"agitador-para-cafe-espresso-aguja-para-cafe","status":"publish","type":"product","link":"https:\/\/pocencoffee.com\/es\/product\/agitador-para-cafe-espresso-aguja-para-cafe\/","title":{"rendered":"Agitador de caf\u00e9 espresso con aguja"},"content":{"rendered":"<p>Agitador de caf\u00e9 espresso con aguja<\/p>\n<p>Material: aguja de acero inoxidable, mango de madera.<\/p>\n<p>Tama\u00f1o:  3 agujas<\/p>\n<p>Opciones de personalizaci\u00f3n: color, logotipo, embalaje.<\/p>\n<p><img decoding=\"async\" class=\"alignnone size-medium wp-image-2369\" src=\"https:\/\/pocencoffee.com\/wp-content\/uploads\/2024\/03\/size-300x103.jpg\" alt=\"\" width=\"300\" height=\"103\" title=\"\" srcset=\"https:\/\/pocencoffee.com\/wp-content\/uploads\/2024\/03\/size-300x103.jpg 300w, https:\/\/pocencoffee.com\/wp-content\/uploads\/2024\/03\/size.jpg 500w\" sizes=\"(max-width: 300px) 100vw, 300px\" \/><\/p>","protected":false},"excerpt":{"rendered":"<p>El dise\u00f1o del extremo de la aguja de este producto para caf\u00e9, con un peque\u00f1o c\u00edrculo, es ideal para batir el caf\u00e9 molido sin apretarlo.<\/p>","protected":false},"featured_media":2367,"template":"","meta":[],"product_brand":[],"product_cat":[23],"product_tag":[],"class_list":{"0":"post-2366","1":"product","2":"type-product","3":"status-publish","4":"has-post-thumbnail","6":"product_cat-coffee-tamperscoffee-coffee-leveler","8":"first","9":"instock","10":"shipping-taxable","11":"product-type-simple"},"_links":{"self":[{"href":"https:\/\/pocencoffee.com\/es\/wp-json\/wp\/v2\/product\/2366","targetHints":{"allow":["GET"]}}],"collection":[{"href":"https:\/\/pocencoffee.com\/es\/wp-json\/wp\/v2\/product"}],"about":[{"href":"https:\/\/pocencoffee.com\/es\/wp-json\/wp\/v2\/types\/product"}],"version-history":[{"count":1,"href":"https:\/\/pocencoffee.com\/es\/wp-json\/wp\/v2\/product\/2366\/revisions"}],"predecessor-version":[{"id":2370,"href":"https:\/\/pocencoffee.com\/es\/wp-json\/wp\/v2\/product\/2366\/revisions\/2370"}],"wp:featuredmedia":[{"embeddable":true,"href":"https:\/\/pocencoffee.com\/es\/wp-json\/wp\/v2\/media\/2367"}],"wp:attachment":[{"href":"https:\/\/pocencoffee.com\/es\/wp-json\/wp\/v2\/media?parent=2366"}],"wp:term":[{"taxonomy":"product_brand","embeddable":true,"href":"https:\/\/pocencoffee.com\/es\/wp-json\/wp\/v2\/product_brand?post=2366"},{"taxonomy":"product_cat","embeddable":true,"href":"https:\/\/pocencoffee.com\/es\/wp-json\/wp\/v2\/product_cat?post=2366"},{"taxonomy":"product_tag","embeddable":true,"href":"https:\/\/pocencoffee.com\/es\/wp-json\/wp\/v2\/product_tag?post=2366"}],"curies":[{"name":"wp","href":"https:\/\/api.w.org\/{rel}","templated":true}]}}