{"id":2443,"date":"2024-04-09T06:31:48","date_gmt":"2024-04-09T13:31:48","guid":{"rendered":"https:\/\/pocencoffee.com\/?post_type=product&#038;p=2443"},"modified":"2024-04-09T06:35:17","modified_gmt":"2024-04-09T13:35:17","slug":"alfombrilla-esquinera-de-cafe-mediana-de-base-unica","status":"publish","type":"product","link":"https:\/\/pocencoffee.com\/es\/product\/alfombrilla-esquinera-de-cafe-mediana-de-base-unica\/","title":{"rendered":"Alfombra de rinc\u00f3n para caf\u00e9 de tama\u00f1o mediano con una sola base"},"content":{"rendered":"<p><strong>Alfombra de rinc\u00f3n para caf\u00e9 de tama\u00f1o mediano con una sola base<\/strong><\/p>\n<p>Est\u00e1 fabricado en silicona suave y su esquina de 3 cm se adapta a la mayor\u00eda de los bordes de mesa.<\/p>\n<p>El di\u00e1metro de la base es de 60 mm y proporciona un soporte suave para todo tipo de prensadores de caf\u00e9, niveladores y portafiltros.<\/p>\n<p>Somos un fabricante que ofrece servicios de personalizaci\u00f3n de logotipos, colores y embalajes.  P\u00f3ngase en contacto con nosotros para realizar sus pedidos.<\/p>","protected":false},"excerpt":{"rendered":"<p><strong>alfombrilla para la esquina del caf\u00e9<\/strong><\/p>\n<p>Material: caucho de silicona<\/p>\n<p>Tama\u00f1o : 17,5cm x 12,5cm<\/p>\n<p>Opciones de personalizaci\u00f3n: LOGO, embalaje<\/p>\n<p>Base: el di\u00e1metro de la base es de 60 mm. .<\/p>","protected":false},"featured_media":2444,"template":"","meta":[],"product_brand":[],"product_cat":[26],"product_tag":[],"class_list":{"0":"post-2443","1":"product","2":"type-product","3":"status-publish","4":"has-post-thumbnail","6":"product_cat-coffee-corner-mat","8":"first","9":"instock","10":"shipping-taxable","11":"product-type-simple"},"_links":{"self":[{"href":"https:\/\/pocencoffee.com\/es\/wp-json\/wp\/v2\/product\/2443","targetHints":{"allow":["GET"]}}],"collection":[{"href":"https:\/\/pocencoffee.com\/es\/wp-json\/wp\/v2\/product"}],"about":[{"href":"https:\/\/pocencoffee.com\/es\/wp-json\/wp\/v2\/types\/product"}],"version-history":[{"count":2,"href":"https:\/\/pocencoffee.com\/es\/wp-json\/wp\/v2\/product\/2443\/revisions"}],"predecessor-version":[{"id":2448,"href":"https:\/\/pocencoffee.com\/es\/wp-json\/wp\/v2\/product\/2443\/revisions\/2448"}],"wp:featuredmedia":[{"embeddable":true,"href":"https:\/\/pocencoffee.com\/es\/wp-json\/wp\/v2\/media\/2444"}],"wp:attachment":[{"href":"https:\/\/pocencoffee.com\/es\/wp-json\/wp\/v2\/media?parent=2443"}],"wp:term":[{"taxonomy":"product_brand","embeddable":true,"href":"https:\/\/pocencoffee.com\/es\/wp-json\/wp\/v2\/product_brand?post=2443"},{"taxonomy":"product_cat","embeddable":true,"href":"https:\/\/pocencoffee.com\/es\/wp-json\/wp\/v2\/product_cat?post=2443"},{"taxonomy":"product_tag","embeddable":true,"href":"https:\/\/pocencoffee.com\/es\/wp-json\/wp\/v2\/product_tag?post=2443"}],"curies":[{"name":"wp","href":"https:\/\/api.w.org\/{rel}","templated":true}]}}