{"id":2459,"date":"2024-04-09T06:53:31","date_gmt":"2024-04-09T13:53:31","guid":{"rendered":"https:\/\/pocencoffee.com\/?post_type=product&#038;p=2459"},"modified":"2024-04-09T07:00:11","modified_gmt":"2024-04-09T14:00:11","slug":"fabrica-de-alfombrillas-de-cafe-blandas","status":"publish","type":"product","link":"https:\/\/pocencoffee.com\/es\/product\/fabrica-de-alfombrillas-de-cafe-blandas\/","title":{"rendered":"F\u00e1brica de tapetes blandos para prensar caf\u00e9"},"content":{"rendered":"<p><strong>F\u00e1brica de tapetes blandos para prensar caf\u00e9<\/strong><\/p>\n<p>Est\u00e1 hecho de silicona suave con el dise\u00f1o m\u00e1s cl\u00e1sico: sin borde de mesa. Se puede poner en cualquier sitio.<\/p>\n<p>El di\u00e1metro de la base es de 60 mm y proporciona un soporte suave para todo tipo de prensadores de caf\u00e9, niveladores y portafiltros.<\/p>\n<p>Somos un fabricante que ofrece servicios de personalizaci\u00f3n de logotipos, colores y embalajes.  P\u00f3ngase en contacto con nosotros para realizar sus pedidos.<\/p>","protected":false},"excerpt":{"rendered":"<p><strong>Alfombrilla blanda para caf\u00e9<\/strong><\/p>\n<p>Material: caucho de silicona<\/p>\n<p>Tama\u00f1o : 20cm x 15cm<\/p>\n<p>Opciones de personalizaci\u00f3n: LOGO, embalaje<\/p>\n<p>Base: el di\u00e1metro de la base es de 60 mm. .<\/p>","protected":false},"featured_media":2460,"template":"","meta":[],"product_brand":[],"product_cat":[26],"product_tag":[],"class_list":{"0":"post-2459","1":"product","2":"type-product","3":"status-publish","4":"has-post-thumbnail","6":"product_cat-coffee-corner-mat","8":"first","9":"instock","10":"shipping-taxable","11":"product-type-simple"},"_links":{"self":[{"href":"https:\/\/pocencoffee.com\/es\/wp-json\/wp\/v2\/product\/2459","targetHints":{"allow":["GET"]}}],"collection":[{"href":"https:\/\/pocencoffee.com\/es\/wp-json\/wp\/v2\/product"}],"about":[{"href":"https:\/\/pocencoffee.com\/es\/wp-json\/wp\/v2\/types\/product"}],"version-history":[{"count":1,"href":"https:\/\/pocencoffee.com\/es\/wp-json\/wp\/v2\/product\/2459\/revisions"}],"predecessor-version":[{"id":2462,"href":"https:\/\/pocencoffee.com\/es\/wp-json\/wp\/v2\/product\/2459\/revisions\/2462"}],"wp:featuredmedia":[{"embeddable":true,"href":"https:\/\/pocencoffee.com\/es\/wp-json\/wp\/v2\/media\/2460"}],"wp:attachment":[{"href":"https:\/\/pocencoffee.com\/es\/wp-json\/wp\/v2\/media?parent=2459"}],"wp:term":[{"taxonomy":"product_brand","embeddable":true,"href":"https:\/\/pocencoffee.com\/es\/wp-json\/wp\/v2\/product_brand?post=2459"},{"taxonomy":"product_cat","embeddable":true,"href":"https:\/\/pocencoffee.com\/es\/wp-json\/wp\/v2\/product_cat?post=2459"},{"taxonomy":"product_tag","embeddable":true,"href":"https:\/\/pocencoffee.com\/es\/wp-json\/wp\/v2\/product_tag?post=2459"}],"curies":[{"name":"wp","href":"https:\/\/api.w.org\/{rel}","templated":true}]}}