{"id":2463,"date":"2024-04-09T07:00:36","date_gmt":"2024-04-09T14:00:36","guid":{"rendered":"https:\/\/pocencoffee.com\/?post_type=product&#038;p=2463"},"modified":"2024-04-09T07:10:35","modified_gmt":"2024-04-09T14:10:35","slug":"fabricante-de-tamper-para-cafe-y-portafiltro","status":"publish","type":"product","link":"https:\/\/pocencoffee.com\/es\/product\/fabricante-de-tamper-para-cafe-y-portafiltro\/","title":{"rendered":"Fabricante de prensadores de caf\u00e9 y soportes para portafiltros"},"content":{"rendered":"<p><strong>Fabricante de prensadores de caf\u00e9 y soportes para portafiltros<\/strong><\/p>\n<p>La parte superior e inferior son de goma de silicona blanda, y los soportes SS.  Esta estaci\u00f3n de tamper los re\u00fane como portafiltro, soporte de tamper de caf\u00e9 y estaci\u00f3n.<\/p>\n<p>El di\u00e1metro de la base es de 60 mm y proporciona un soporte suave para todo tipo de prensadores de caf\u00e9, niveladores y portafiltros.<\/p>\n<p>Somos un fabricante que ofrece servicios de personalizaci\u00f3n de logotipos, colores y embalajes.  P\u00f3ngase en contacto con nosotros para realizar sus pedidos.<\/p>","protected":false},"excerpt":{"rendered":"<p><strong>Tamper de caf\u00e9 y portafiltro<\/strong><\/p>\n<p>Material : caucho de silicona, acero inoxidable.<\/p>\n<p>Tama\u00f1o : 14\u00d77,5\u00d75,6cm<\/p>\n<p>Opciones de personalizaci\u00f3n: LOGO, embalaje<\/p>\n<p>Base: el di\u00e1metro de la base es de 60 mm. .<\/p>","protected":false},"featured_media":2464,"template":"","meta":[],"product_brand":[],"product_cat":[26],"product_tag":[],"class_list":{"0":"post-2463","1":"product","2":"type-product","3":"status-publish","4":"has-post-thumbnail","6":"product_cat-coffee-corner-mat","8":"first","9":"instock","10":"shipping-taxable","11":"product-type-simple"},"_links":{"self":[{"href":"https:\/\/pocencoffee.com\/es\/wp-json\/wp\/v2\/product\/2463","targetHints":{"allow":["GET"]}}],"collection":[{"href":"https:\/\/pocencoffee.com\/es\/wp-json\/wp\/v2\/product"}],"about":[{"href":"https:\/\/pocencoffee.com\/es\/wp-json\/wp\/v2\/types\/product"}],"version-history":[{"count":1,"href":"https:\/\/pocencoffee.com\/es\/wp-json\/wp\/v2\/product\/2463\/revisions"}],"predecessor-version":[{"id":2468,"href":"https:\/\/pocencoffee.com\/es\/wp-json\/wp\/v2\/product\/2463\/revisions\/2468"}],"wp:featuredmedia":[{"embeddable":true,"href":"https:\/\/pocencoffee.com\/es\/wp-json\/wp\/v2\/media\/2464"}],"wp:attachment":[{"href":"https:\/\/pocencoffee.com\/es\/wp-json\/wp\/v2\/media?parent=2463"}],"wp:term":[{"taxonomy":"product_brand","embeddable":true,"href":"https:\/\/pocencoffee.com\/es\/wp-json\/wp\/v2\/product_brand?post=2463"},{"taxonomy":"product_cat","embeddable":true,"href":"https:\/\/pocencoffee.com\/es\/wp-json\/wp\/v2\/product_cat?post=2463"},{"taxonomy":"product_tag","embeddable":true,"href":"https:\/\/pocencoffee.com\/es\/wp-json\/wp\/v2\/product_tag?post=2463"}],"curies":[{"name":"wp","href":"https:\/\/api.w.org\/{rel}","templated":true}]}}