{"id":2469,"date":"2024-04-09T07:13:26","date_gmt":"2024-04-09T14:13:26","guid":{"rendered":"https:\/\/pocencoffee.com\/?post_type=product&#038;p=2469"},"modified":"2024-04-09T07:31:00","modified_gmt":"2024-04-09T14:31:00","slug":"mini-soporte-individual-para-tampers-de-cafe","status":"publish","type":"product","link":"https:\/\/pocencoffee.com\/es\/product\/mini-soporte-individual-para-tampers-de-cafe\/","title":{"rendered":"Mini soporte individual para prensadores de caf\u00e9"},"content":{"rendered":"<p><strong>Mini soporte individual para prensadores de caf\u00e9<\/strong><\/p>\n<p>Est\u00e1 hecho de silicona blanda.<\/p>\n<p>El di\u00e1metro de la base es de 75 mm, y proporciona un soporte suave para todo tipo de tamper de caf\u00e9, nivelador y portafiltro.<\/p>\n<p>Somos un fabricante que ofrece servicios de personalizaci\u00f3n de logotipos, colores y embalajes.  P\u00f3ngase en contacto con nosotros para realizar sus pedidos.<\/p>","protected":false},"excerpt":{"rendered":"<p><strong>soporte para tampones de caf\u00e9<\/strong><\/p>\n<p>Material: caucho de silicona<\/p>\n<p>Tama\u00f1o : 7.5X7.5CM<\/p>\n<p>Opciones de personalizaci\u00f3n: LOGO, embalaje<\/p>\n<p>Base: Se adapta a todos los tipos de tamper de caf\u00e9 o nivelador de caf\u00e9 que tienen un di\u00e1metro dentro de 60mm.<\/p>","protected":false},"featured_media":2470,"template":"","meta":[],"product_brand":[],"product_cat":[26],"product_tag":[],"class_list":{"0":"post-2469","1":"product","2":"type-product","3":"status-publish","4":"has-post-thumbnail","6":"product_cat-coffee-corner-mat","8":"first","9":"instock","10":"shipping-taxable","11":"product-type-simple"},"_links":{"self":[{"href":"https:\/\/pocencoffee.com\/es\/wp-json\/wp\/v2\/product\/2469","targetHints":{"allow":["GET"]}}],"collection":[{"href":"https:\/\/pocencoffee.com\/es\/wp-json\/wp\/v2\/product"}],"about":[{"href":"https:\/\/pocencoffee.com\/es\/wp-json\/wp\/v2\/types\/product"}],"version-history":[{"count":4,"href":"https:\/\/pocencoffee.com\/es\/wp-json\/wp\/v2\/product\/2469\/revisions"}],"predecessor-version":[{"id":2476,"href":"https:\/\/pocencoffee.com\/es\/wp-json\/wp\/v2\/product\/2469\/revisions\/2476"}],"wp:featuredmedia":[{"embeddable":true,"href":"https:\/\/pocencoffee.com\/es\/wp-json\/wp\/v2\/media\/2470"}],"wp:attachment":[{"href":"https:\/\/pocencoffee.com\/es\/wp-json\/wp\/v2\/media?parent=2469"}],"wp:term":[{"taxonomy":"product_brand","embeddable":true,"href":"https:\/\/pocencoffee.com\/es\/wp-json\/wp\/v2\/product_brand?post=2469"},{"taxonomy":"product_cat","embeddable":true,"href":"https:\/\/pocencoffee.com\/es\/wp-json\/wp\/v2\/product_cat?post=2469"},{"taxonomy":"product_tag","embeddable":true,"href":"https:\/\/pocencoffee.com\/es\/wp-json\/wp\/v2\/product_tag?post=2469"}],"curies":[{"name":"wp","href":"https:\/\/api.w.org\/{rel}","templated":true}]}}