{"id":2495,"date":"2024-04-10T02:06:35","date_gmt":"2024-04-10T09:06:35","guid":{"rendered":"https:\/\/pocencoffee.com\/?post_type=product&#038;p=2495"},"modified":"2024-04-10T02:23:17","modified_gmt":"2024-04-10T09:23:17","slug":"cajita-de-plastico-para-posos-de-cafe","status":"publish","type":"product","link":"https:\/\/pocencoffee.com\/es\/product\/cajita-de-plastico-para-posos-de-cafe\/","title":{"rendered":"Peque\u00f1a caja de pl\u00e1stico para posos de caf\u00e9"},"content":{"rendered":"<p><strong>Peque\u00f1a caja de pl\u00e1stico para posos de caf\u00e9<\/strong><\/p>\n<p>Esta caja knock es una mini caja knock de pl\u00e1stico. Es muy adecuado para los consumidores que lo utilizan en casa o en la oficina.<\/p>\n<p>La varilla de golpeo es de material pl\u00e1stico blando, menos voz cuando cada golpes.<\/p>\n<p>Cont\u00e1ctenos para obtener un presupuesto para su pedido.<\/p>\n<p>&nbsp;<\/p>","protected":false},"excerpt":{"rendered":"<p>Caja de pl\u00e1stico para posos de caf\u00e9<\/p>\n<p>Material: Pl\u00e1stico ABS.<\/p>\n<p>Tama\u00f1o: 12,8 x 16 x 15 cm<\/p>\n<p>Color: como en la imagen.<\/p>\n<p>Requisitos personalizados: logotipo, embalaje<\/p>","protected":false},"featured_media":2496,"template":"","meta":[],"product_brand":[],"product_cat":[25],"product_tag":[],"class_list":{"0":"post-2495","1":"product","2":"type-product","3":"status-publish","4":"has-post-thumbnail","6":"product_cat-knock-box","8":"first","9":"instock","10":"shipping-taxable","11":"product-type-simple"},"_links":{"self":[{"href":"https:\/\/pocencoffee.com\/es\/wp-json\/wp\/v2\/product\/2495","targetHints":{"allow":["GET"]}}],"collection":[{"href":"https:\/\/pocencoffee.com\/es\/wp-json\/wp\/v2\/product"}],"about":[{"href":"https:\/\/pocencoffee.com\/es\/wp-json\/wp\/v2\/types\/product"}],"version-history":[{"count":1,"href":"https:\/\/pocencoffee.com\/es\/wp-json\/wp\/v2\/product\/2495\/revisions"}],"predecessor-version":[{"id":2500,"href":"https:\/\/pocencoffee.com\/es\/wp-json\/wp\/v2\/product\/2495\/revisions\/2500"}],"wp:featuredmedia":[{"embeddable":true,"href":"https:\/\/pocencoffee.com\/es\/wp-json\/wp\/v2\/media\/2496"}],"wp:attachment":[{"href":"https:\/\/pocencoffee.com\/es\/wp-json\/wp\/v2\/media?parent=2495"}],"wp:term":[{"taxonomy":"product_brand","embeddable":true,"href":"https:\/\/pocencoffee.com\/es\/wp-json\/wp\/v2\/product_brand?post=2495"},{"taxonomy":"product_cat","embeddable":true,"href":"https:\/\/pocencoffee.com\/es\/wp-json\/wp\/v2\/product_cat?post=2495"},{"taxonomy":"product_tag","embeddable":true,"href":"https:\/\/pocencoffee.com\/es\/wp-json\/wp\/v2\/product_tag?post=2495"}],"curies":[{"name":"wp","href":"https:\/\/api.w.org\/{rel}","templated":true}]}}