{"id":2501,"date":"2024-04-10T02:23:31","date_gmt":"2024-04-10T09:23:31","guid":{"rendered":"https:\/\/pocencoffee.com\/?post_type=product&#038;p=2501"},"modified":"2024-04-10T02:33:34","modified_gmt":"2024-04-10T09:33:34","slug":"caja-grande-de-plastico-para-cafe","status":"publish","type":"product","link":"https:\/\/pocencoffee.com\/es\/product\/caja-grande-de-plastico-para-cafe\/","title":{"rendered":"Caja grande de pl\u00e1stico para golpear caf\u00e9"},"content":{"rendered":"<p><strong>Caja grande de pl\u00e1stico para golpear caf\u00e9<\/strong><\/p>\n<p>Esta caja knock es una mini caja knock de pl\u00e1stico. Es muy adecuado para los consumidores que lo utilizan en casa o en la oficina.<\/p>\n<p>La varilla de golpeo es de pl\u00e1stico blando, lo que la hace m\u00e1s silenciosa al golpear.<\/p>\n<p>Cont\u00e1ctenos para obtener un presupuesto para su pedido.<\/p>\n<p>&nbsp;<\/p>","protected":false},"excerpt":{"rendered":"<p>Caja de pl\u00e1stico para posos de caf\u00e9<\/p>\n<p>Material: Pl\u00e1stico ABS.<\/p>\n<p>Tama\u00f1o: Dia. 12.8 x H 15 x W 16cm<\/p>\n<p>Color: como en la imagen.<\/p>\n<p>Requisitos personalizados: logotipo, embalaje<\/p>","protected":false},"featured_media":2498,"template":"","meta":[],"product_brand":[],"product_cat":[25],"product_tag":[],"class_list":{"0":"post-2501","1":"product","2":"type-product","3":"status-publish","4":"has-post-thumbnail","6":"product_cat-knock-box","8":"first","9":"instock","10":"shipping-taxable","11":"product-type-simple"},"_links":{"self":[{"href":"https:\/\/pocencoffee.com\/es\/wp-json\/wp\/v2\/product\/2501","targetHints":{"allow":["GET"]}}],"collection":[{"href":"https:\/\/pocencoffee.com\/es\/wp-json\/wp\/v2\/product"}],"about":[{"href":"https:\/\/pocencoffee.com\/es\/wp-json\/wp\/v2\/types\/product"}],"version-history":[{"count":1,"href":"https:\/\/pocencoffee.com\/es\/wp-json\/wp\/v2\/product\/2501\/revisions"}],"predecessor-version":[{"id":2504,"href":"https:\/\/pocencoffee.com\/es\/wp-json\/wp\/v2\/product\/2501\/revisions\/2504"}],"wp:featuredmedia":[{"embeddable":true,"href":"https:\/\/pocencoffee.com\/es\/wp-json\/wp\/v2\/media\/2498"}],"wp:attachment":[{"href":"https:\/\/pocencoffee.com\/es\/wp-json\/wp\/v2\/media?parent=2501"}],"wp:term":[{"taxonomy":"product_brand","embeddable":true,"href":"https:\/\/pocencoffee.com\/es\/wp-json\/wp\/v2\/product_brand?post=2501"},{"taxonomy":"product_cat","embeddable":true,"href":"https:\/\/pocencoffee.com\/es\/wp-json\/wp\/v2\/product_cat?post=2501"},{"taxonomy":"product_tag","embeddable":true,"href":"https:\/\/pocencoffee.com\/es\/wp-json\/wp\/v2\/product_tag?post=2501"}],"curies":[{"name":"wp","href":"https:\/\/api.w.org\/{rel}","templated":true}]}}