{"id":2505,"date":"2024-04-10T02:37:38","date_gmt":"2024-04-10T09:37:38","guid":{"rendered":"https:\/\/pocencoffee.com\/?post_type=product&#038;p=2505"},"modified":"2024-04-10T02:44:41","modified_gmt":"2024-04-10T09:44:41","slug":"pedido-de-fabrica-oem-madera-maciza-de-caucho-knock-box","status":"publish","type":"product","link":"https:\/\/pocencoffee.com\/es\/product\/pedido-de-fabrica-oem-madera-maciza-de-caucho-knock-box\/","title":{"rendered":"Caja para recambios de madera maciza de caucho OEM de f\u00e1brica"},"content":{"rendered":"<p><strong>Caja para recambios de madera maciza de caucho OEM de f\u00e1brica<\/strong><\/p>\n<p>Esta caja de golpeo viene con una cubierta exterior de madera maciza de caucho y una caja de golpeo de acero inoxidable.<\/p>\n<p>La varilla de percusi\u00f3n est\u00e1 recubierta de un material grueso y suave.  Es lo suficientemente resistente como para soportar cada golpe, adem\u00e1s de emitir un sonido suave.<\/p>\n<p>La capacidad de 1200 ml ofrece un buen espacio para recoger los posos del caf\u00e9.<\/p>\n<p>Cont\u00e1ctenos para obtener un presupuesto para su pedido.<\/p>\n<p><img fetchpriority=\"high\" decoding=\"async\" class=\"alignnone size-medium wp-image-2511\" src=\"https:\/\/pocencoffee.com\/wp-content\/uploads\/2024\/04\/KNOCK-BOX-SIZE-300x188.jpg\" alt=\"\" width=\"300\" height=\"188\" title=\"\" srcset=\"https:\/\/pocencoffee.com\/wp-content\/uploads\/2024\/04\/KNOCK-BOX-SIZE-300x188.jpg 300w, https:\/\/pocencoffee.com\/wp-content\/uploads\/2024\/04\/KNOCK-BOX-SIZE-600x375.jpg 600w, https:\/\/pocencoffee.com\/wp-content\/uploads\/2024\/04\/KNOCK-BOX-SIZE.jpg 753w\" sizes=\"(max-width: 300px) 100vw, 300px\" \/><\/p>","protected":false},"excerpt":{"rendered":"<p>Caja de golpes de 1200 ml o 2500 ml<\/p>\n<p>Material: madera maciza de caucho, acero inoxidable 201 , varilla blanda.<\/p>\n<p>Tama\u00f1o: 21 x 19,5 x 12 cm ; 28,5 x 18,8 x 12cm<\/p>\n<p>Color: como en la imagen.<\/p>\n<p>Requisitos personalizados: logotipo, embalaje<\/p>","protected":false},"featured_media":2506,"template":"","meta":[],"product_brand":[],"product_cat":[25],"product_tag":[],"class_list":{"0":"post-2505","1":"product","2":"type-product","3":"status-publish","4":"has-post-thumbnail","6":"product_cat-knock-box","8":"first","9":"instock","10":"shipping-taxable","11":"product-type-simple"},"_links":{"self":[{"href":"https:\/\/pocencoffee.com\/es\/wp-json\/wp\/v2\/product\/2505","targetHints":{"allow":["GET"]}}],"collection":[{"href":"https:\/\/pocencoffee.com\/es\/wp-json\/wp\/v2\/product"}],"about":[{"href":"https:\/\/pocencoffee.com\/es\/wp-json\/wp\/v2\/types\/product"}],"version-history":[{"count":1,"href":"https:\/\/pocencoffee.com\/es\/wp-json\/wp\/v2\/product\/2505\/revisions"}],"predecessor-version":[{"id":2512,"href":"https:\/\/pocencoffee.com\/es\/wp-json\/wp\/v2\/product\/2505\/revisions\/2512"}],"wp:featuredmedia":[{"embeddable":true,"href":"https:\/\/pocencoffee.com\/es\/wp-json\/wp\/v2\/media\/2506"}],"wp:attachment":[{"href":"https:\/\/pocencoffee.com\/es\/wp-json\/wp\/v2\/media?parent=2505"}],"wp:term":[{"taxonomy":"product_brand","embeddable":true,"href":"https:\/\/pocencoffee.com\/es\/wp-json\/wp\/v2\/product_brand?post=2505"},{"taxonomy":"product_cat","embeddable":true,"href":"https:\/\/pocencoffee.com\/es\/wp-json\/wp\/v2\/product_cat?post=2505"},{"taxonomy":"product_tag","embeddable":true,"href":"https:\/\/pocencoffee.com\/es\/wp-json\/wp\/v2\/product_tag?post=2505"}],"curies":[{"name":"wp","href":"https:\/\/api.w.org\/{rel}","templated":true}]}}