{"id":2520,"date":"2024-04-10T07:34:16","date_gmt":"2024-04-10T14:34:16","guid":{"rendered":"https:\/\/pocencoffee.com\/?post_type=product&#038;p=2520"},"modified":"2024-04-10T07:44:41","modified_gmt":"2024-04-10T14:44:41","slug":"precio-al-por-mayor-negro-s-s-cafe-golpeando-caja","status":"publish","type":"product","link":"https:\/\/pocencoffee.com\/es\/product\/precio-al-por-mayor-negro-s-s-cafe-golpeando-caja\/","title":{"rendered":"Caja negra para golpear caf\u00e9 S\/S a precio mayorista"},"content":{"rendered":"<p><strong>Caja negra para golpear caf\u00e9 S\/S a precio mayorista<\/strong><\/p>\n<p>Esta caja para posos est\u00e1 fabricada en acero inoxidable, con los bordes superior e inferior recubiertos de goma de silicona para evitar deslizamientos. Adem\u00e1s, cuenta con una varilla de golpeo suave.<\/p>\n<p>La varilla de percusi\u00f3n est\u00e1 recubierta de un material grueso y suave.  Es lo suficientemente resistente como para soportar cada golpe, adem\u00e1s de emitir un sonido suave.<\/p>\n<p>La capacidad de 1800 ml ofrece un buen espacio para recoger los posos de caf\u00e9.<\/p>\n<p>Cont\u00e1ctenos para obtener un presupuesto para su pedido.<\/p>","protected":false},"excerpt":{"rendered":"<p>Caja para desechar caf\u00e9 molido al por mayor<\/p>\n<p>Material: acero inoxidable 201, varilla blanda.<\/p>\n<p>Tama\u00f1o: 11,4 x 11,4 x 11,5cm ; 14x14x14cm;<\/p>\n<p>Color: negro, blanco , S\/S color natural.<\/p>\n<p>Requisitos personalizados: logotipo, embalaje<\/p>","protected":false},"featured_media":2522,"template":"","meta":[],"product_brand":[],"product_cat":[25],"product_tag":[],"class_list":{"0":"post-2520","1":"product","2":"type-product","3":"status-publish","4":"has-post-thumbnail","6":"product_cat-knock-box","8":"first","9":"instock","10":"shipping-taxable","11":"product-type-simple"},"_links":{"self":[{"href":"https:\/\/pocencoffee.com\/es\/wp-json\/wp\/v2\/product\/2520","targetHints":{"allow":["GET"]}}],"collection":[{"href":"https:\/\/pocencoffee.com\/es\/wp-json\/wp\/v2\/product"}],"about":[{"href":"https:\/\/pocencoffee.com\/es\/wp-json\/wp\/v2\/types\/product"}],"version-history":[{"count":1,"href":"https:\/\/pocencoffee.com\/es\/wp-json\/wp\/v2\/product\/2520\/revisions"}],"predecessor-version":[{"id":2527,"href":"https:\/\/pocencoffee.com\/es\/wp-json\/wp\/v2\/product\/2520\/revisions\/2527"}],"wp:featuredmedia":[{"embeddable":true,"href":"https:\/\/pocencoffee.com\/es\/wp-json\/wp\/v2\/media\/2522"}],"wp:attachment":[{"href":"https:\/\/pocencoffee.com\/es\/wp-json\/wp\/v2\/media?parent=2520"}],"wp:term":[{"taxonomy":"product_brand","embeddable":true,"href":"https:\/\/pocencoffee.com\/es\/wp-json\/wp\/v2\/product_brand?post=2520"},{"taxonomy":"product_cat","embeddable":true,"href":"https:\/\/pocencoffee.com\/es\/wp-json\/wp\/v2\/product_cat?post=2520"},{"taxonomy":"product_tag","embeddable":true,"href":"https:\/\/pocencoffee.com\/es\/wp-json\/wp\/v2\/product_tag?post=2520"}],"curies":[{"name":"wp","href":"https:\/\/api.w.org\/{rel}","templated":true}]}}