{"id":2528,"date":"2024-04-12T06:56:45","date_gmt":"2024-04-12T13:56:45","guid":{"rendered":"https:\/\/pocencoffee.com\/?post_type=product&#038;p=2528"},"modified":"2024-04-12T07:04:18","modified_gmt":"2024-04-12T14:04:18","slug":"venta-al-por-mayor-tampers-de-madera-para-cafe","status":"publish","type":"product","link":"https:\/\/pocencoffee.com\/es\/product\/venta-al-por-mayor-tampers-de-madera-para-cafe\/","title":{"rendered":"Molinillos de caf\u00e9 de madera al por mayor"},"content":{"rendered":"<p><strong>Molinillos de caf\u00e9 de madera al por mayor<\/strong><\/p>\n<p>Este pis\u00f3n para caf\u00e9 est\u00e1 fabricado con una s\u00f3lida base de acero inoxidable, un mango de madera maciza y un tornillo met\u00e1lico en el interior.<\/p>\n<p>Este tipo de material se combina con la calidad superior de los bateadores de caf\u00e9.<\/p>\n<p>Si busca bateadores de caf\u00e9 de buena calidad, p\u00f3ngase en contacto con nosotros.<\/p>\n<p>Ofrecemos servicios personalizados como LOGOTIPO, COLOR y EMBALAJE.<\/p>","protected":false},"excerpt":{"rendered":"<p>Material : base de caf\u00e9 de acero inoxidable macizo, mango de madera maciza.<\/p>\n<p>Tama\u00f1o: 51 mm, 53 mm, 58 mm<\/p>\n<p>Opciones de personalizaci\u00f3n: color, logotipo, embalaje.<\/p>\n<p>Base: plana, roscada y personalizable.<\/p>","protected":false},"featured_media":2529,"template":"","meta":[],"product_brand":[],"product_cat":[23],"product_tag":[],"class_list":{"0":"post-2528","1":"product","2":"type-product","3":"status-publish","4":"has-post-thumbnail","6":"product_cat-coffee-tamperscoffee-coffee-leveler","8":"first","9":"instock","10":"shipping-taxable","11":"product-type-simple"},"_links":{"self":[{"href":"https:\/\/pocencoffee.com\/es\/wp-json\/wp\/v2\/product\/2528","targetHints":{"allow":["GET"]}}],"collection":[{"href":"https:\/\/pocencoffee.com\/es\/wp-json\/wp\/v2\/product"}],"about":[{"href":"https:\/\/pocencoffee.com\/es\/wp-json\/wp\/v2\/types\/product"}],"version-history":[{"count":2,"href":"https:\/\/pocencoffee.com\/es\/wp-json\/wp\/v2\/product\/2528\/revisions"}],"predecessor-version":[{"id":2533,"href":"https:\/\/pocencoffee.com\/es\/wp-json\/wp\/v2\/product\/2528\/revisions\/2533"}],"wp:featuredmedia":[{"embeddable":true,"href":"https:\/\/pocencoffee.com\/es\/wp-json\/wp\/v2\/media\/2529"}],"wp:attachment":[{"href":"https:\/\/pocencoffee.com\/es\/wp-json\/wp\/v2\/media?parent=2528"}],"wp:term":[{"taxonomy":"product_brand","embeddable":true,"href":"https:\/\/pocencoffee.com\/es\/wp-json\/wp\/v2\/product_brand?post=2528"},{"taxonomy":"product_cat","embeddable":true,"href":"https:\/\/pocencoffee.com\/es\/wp-json\/wp\/v2\/product_cat?post=2528"},{"taxonomy":"product_tag","embeddable":true,"href":"https:\/\/pocencoffee.com\/es\/wp-json\/wp\/v2\/product_tag?post=2528"}],"curies":[{"name":"wp","href":"https:\/\/api.w.org\/{rel}","templated":true}]}}