{"id":2534,"date":"2024-04-12T07:09:35","date_gmt":"2024-04-12T14:09:35","guid":{"rendered":"https:\/\/pocencoffee.com\/?post_type=product&#038;p=2534"},"modified":"2024-04-12T07:26:24","modified_gmt":"2024-04-12T14:26:24","slug":"logo-personalizado-diseno-del-vientre-de-plastico-knock-box","status":"publish","type":"product","link":"https:\/\/pocencoffee.com\/es\/product\/logo-personalizado-diseno-del-vientre-de-plastico-knock-box\/","title":{"rendered":"Caja de pl\u00e1stico con dise\u00f1o personalizado del logotipo en la parte inferior."},"content":{"rendered":"<p><strong>Caja de pl\u00e1stico con dise\u00f1o personalizado del logotipo en la parte inferior.<\/strong><\/p>\n<p>La varilla de golpeo es de pl\u00e1stico blando, lo que la hace m\u00e1s silenciosa al golpear.<\/p>\n<p>La caja de golpeo est\u00e1 fabricada en pl\u00e1stico ABS, un material pl\u00e1stico duradero.<\/p>\n<p>Cont\u00e1ctenos para obtener un presupuesto para su pedido.<\/p>\n<p><img fetchpriority=\"high\" decoding=\"async\" class=\"alignnone size-medium wp-image-2538\" src=\"https:\/\/pocencoffee.com\/wp-content\/uploads\/2024\/04\/CKH-knock-box-size-300x174.jpg\" alt=\"\" width=\"300\" height=\"174\" title=\"\" srcset=\"https:\/\/pocencoffee.com\/wp-content\/uploads\/2024\/04\/CKH-knock-box-size-300x174.jpg 300w, https:\/\/pocencoffee.com\/wp-content\/uploads\/2024\/04\/CKH-knock-box-size.jpg 558w\" sizes=\"(max-width: 300px) 100vw, 300px\" \/><\/p>","protected":false},"excerpt":{"rendered":"<p>Caja de pl\u00e1stico para caf\u00e9<\/p>\n<p>Material: Pl\u00e1stico ABS.<\/p>\n<p>Tama\u00f1o: M\u00e1ximo Dia. 16 x H 15m x Dia. superior 15 cm ; H frontal 11cm<\/p>\n<p>Color: como en la imagen.<\/p>\n<p>Requisitos personalizados: logotipo, embalaje<\/p>","protected":false},"featured_media":2535,"template":"","meta":[],"product_brand":[],"product_cat":[25],"product_tag":[],"class_list":{"0":"post-2534","1":"product","2":"type-product","3":"status-publish","4":"has-post-thumbnail","6":"product_cat-knock-box","8":"first","9":"instock","10":"shipping-taxable","11":"product-type-simple"},"_links":{"self":[{"href":"https:\/\/pocencoffee.com\/es\/wp-json\/wp\/v2\/product\/2534","targetHints":{"allow":["GET"]}}],"collection":[{"href":"https:\/\/pocencoffee.com\/es\/wp-json\/wp\/v2\/product"}],"about":[{"href":"https:\/\/pocencoffee.com\/es\/wp-json\/wp\/v2\/types\/product"}],"version-history":[{"count":3,"href":"https:\/\/pocencoffee.com\/es\/wp-json\/wp\/v2\/product\/2534\/revisions"}],"predecessor-version":[{"id":2541,"href":"https:\/\/pocencoffee.com\/es\/wp-json\/wp\/v2\/product\/2534\/revisions\/2541"}],"wp:featuredmedia":[{"embeddable":true,"href":"https:\/\/pocencoffee.com\/es\/wp-json\/wp\/v2\/media\/2535"}],"wp:attachment":[{"href":"https:\/\/pocencoffee.com\/es\/wp-json\/wp\/v2\/media?parent=2534"}],"wp:term":[{"taxonomy":"product_brand","embeddable":true,"href":"https:\/\/pocencoffee.com\/es\/wp-json\/wp\/v2\/product_brand?post=2534"},{"taxonomy":"product_cat","embeddable":true,"href":"https:\/\/pocencoffee.com\/es\/wp-json\/wp\/v2\/product_cat?post=2534"},{"taxonomy":"product_tag","embeddable":true,"href":"https:\/\/pocencoffee.com\/es\/wp-json\/wp\/v2\/product_tag?post=2534"}],"curies":[{"name":"wp","href":"https:\/\/api.w.org\/{rel}","templated":true}]}}